{"id":418,"date":"2022-03-01T16:54:38","date_gmt":"2022-03-01T15:54:38","guid":{"rendered":"http:\/\/giemza.ch\/?page_id=418"},"modified":"2022-07-17T17:04:15","modified_gmt":"2022-07-17T15:04:15","slug":"klub-biznesu-i-psychologii","status":"publish","type":"page","link":"https:\/\/giemza.ch\/index.php\/klub-biznesu-i-psychologii\/","title":{"rendered":"Klub biznesu i psychologii"},"content":{"rendered":"\n<p>To miejsce spotka\u0144 stworzone we wsp\u00f3\u0142pracy ze Stowarzyszeniem Dystans dla os\u00f3b chc\u0105cych nawi\u0105zywa\u0107 nowe relacje, zdobywa\u0107 wiedz\u0119 z  zakresu psychologii biznesu, zarz\u0105dzania oraz etyki, kultury i sztuki. Podczas spotka\u0144 Klubu opr\u00f3cz wyk\u0142ad\u00f3w i dyskusji odbywaj\u0105 si\u0119 r\u00f3wnie\u017c wernisa\u017ce oraz prezentacje m\u0142odych artyst\u00f3w.<\/p>\n\n\n\n<p>Wi\u0119cej informacji znajdziecie Pa\u0144stwo w aktualno\u015bciach oraz na naszych mediach spo\u0142eczno\u015bciowych.<\/p>\n","protected":false},"excerpt":{"rendered":"<p>To miejsce spotka\u0144 stworzone we wsp\u00f3\u0142pracy ze Stowarzyszeniem Dystans dla os\u00f3b chc\u0105cych nawi\u0105zywa\u0107 nowe relacje, zdobywa\u0107 wiedz\u0119 z zakresu psychologii biznesu, zarz\u0105dzania oraz etyki, kultury i sztuki. Podczas spotka\u0144 Klubu opr\u00f3cz wyk\u0142ad\u00f3w i dyskusji odbywaj\u0105 si\u0119 r\u00f3wnie\u017c wernisa\u017ce oraz prezentacje m\u0142odych artyst\u00f3w. Wi\u0119cej informacji znajdziecie Pa\u0144stwo w aktualno\u015bciach oraz na naszych mediach spo\u0142eczno\u015bciowych.<\/p>\n","protected":false},"author":1,"featured_media":0,"parent":0,"menu_order":0,"comment_status":"closed","ping_status":"closed","template":"","meta":[],"yoast_head":"<!-- This site is optimized with the Yoast SEO plugin v19.4 - https:\/\/yoast.com\/wordpress\/plugins\/seo\/ -->\n<title>Klub biznesu i psychologii - Jakub Jan Giemza<\/title>\n<meta name=\"robots\" content=\"index, follow, max-snippet:-1, max-image-preview:large, max-video-preview:-1\" \/>\n<link rel=\"canonical\" href=\"https:\/\/giemza.ch\/index.php\/klub-biznesu-i-psychologii\/\" \/>\n<meta property=\"og:locale\" content=\"pl_PL\" \/>\n<meta property=\"og:type\" content=\"article\" \/>\n<meta property=\"og:title\" content=\"Klub biznesu i psychologii - Jakub Jan Giemza\" \/>\n<meta property=\"og:description\" content=\"To miejsce spotka\u0144 stworzone we wsp\u00f3\u0142pracy ze Stowarzyszeniem Dystans dla os\u00f3b chc\u0105cych nawi\u0105zywa\u0107 nowe relacje, zdobywa\u0107 wiedz\u0119 z zakresu psychologii biznesu, zarz\u0105dzania oraz etyki, kultury i sztuki. Podczas spotka\u0144 Klubu opr\u00f3cz wyk\u0142ad\u00f3w i dyskusji odbywaj\u0105 si\u0119 r\u00f3wnie\u017c wernisa\u017ce oraz prezentacje m\u0142odych artyst\u00f3w. Wi\u0119cej informacji znajdziecie Pa\u0144stwo w aktualno\u015bciach oraz na naszych mediach spo\u0142eczno\u015bciowych.\" \/>\n<meta property=\"og:url\" content=\"https:\/\/giemza.ch\/index.php\/klub-biznesu-i-psychologii\/\" \/>\n<meta property=\"og:site_name\" content=\"Jakub Jan Giemza\" \/>\n<meta property=\"article:modified_time\" content=\"2022-07-17T15:04:15+00:00\" \/>\n<meta name=\"twitter:card\" content=\"summary_large_image\" \/>\n<meta name=\"twitter:label1\" content=\"Szacowany czas czytania\" \/>\n\t<meta name=\"twitter:data1\" content=\"1 minuta\" \/>\n<script type=\"application\/ld+json\" class=\"yoast-schema-graph\">{\"@context\":\"https:\/\/schema.org\",\"@graph\":[{\"@type\":\"Organization\",\"@id\":\"https:\/\/giemza.ch\/#organization\",\"name\":\"Jakub Jan Giemza\",\"url\":\"https:\/\/giemza.ch\/\",\"sameAs\":[],\"logo\":{\"@type\":\"ImageObject\",\"inLanguage\":\"pl-PL\",\"@id\":\"https:\/\/giemza.ch\/#\/schema\/logo\/image\/\",\"url\":\"https:\/\/giemza.ch\/wp-content\/uploads\/2026\/01\/cropped-cropped-ChatGPT-Image-5-sty-2026-o-03_50_08-2.png\",\"contentUrl\":\"https:\/\/giemza.ch\/wp-content\/uploads\/2026\/01\/cropped-cropped-ChatGPT-Image-5-sty-2026-o-03_50_08-2.png\",\"width\":250,\"height\":250,\"caption\":\"Jakub Jan Giemza\"},\"image\":{\"@id\":\"https:\/\/giemza.ch\/#\/schema\/logo\/image\/\"}},{\"@type\":\"WebSite\",\"@id\":\"https:\/\/giemza.ch\/#website\",\"url\":\"https:\/\/giemza.ch\/\",\"name\":\"Jakub Jan Giemza\",\"description\":\"PSYCHOLOGIA - PSYCHIATRIA - RODZINA &amp; BUSINESS\",\"publisher\":{\"@id\":\"https:\/\/giemza.ch\/#organization\"},\"potentialAction\":[{\"@type\":\"SearchAction\",\"target\":{\"@type\":\"EntryPoint\",\"urlTemplate\":\"https:\/\/giemza.ch\/?s={search_term_string}\"},\"query-input\":\"required name=search_term_string\"}],\"inLanguage\":\"pl-PL\"},{\"@type\":\"WebPage\",\"@id\":\"https:\/\/giemza.ch\/index.php\/klub-biznesu-i-psychologii\/\",\"url\":\"https:\/\/giemza.ch\/index.php\/klub-biznesu-i-psychologii\/\",\"name\":\"Klub biznesu i psychologii - Jakub Jan Giemza\",\"isPartOf\":{\"@id\":\"https:\/\/giemza.ch\/#website\"},\"datePublished\":\"2022-03-01T15:54:38+00:00\",\"dateModified\":\"2022-07-17T15:04:15+00:00\",\"breadcrumb\":{\"@id\":\"https:\/\/giemza.ch\/index.php\/klub-biznesu-i-psychologii\/#breadcrumb\"},\"inLanguage\":\"pl-PL\",\"potentialAction\":[{\"@type\":\"ReadAction\",\"target\":[\"https:\/\/giemza.ch\/index.php\/klub-biznesu-i-psychologii\/\"]}]},{\"@type\":\"BreadcrumbList\",\"@id\":\"https:\/\/giemza.ch\/index.php\/klub-biznesu-i-psychologii\/#breadcrumb\",\"itemListElement\":[{\"@type\":\"ListItem\",\"position\":1,\"name\":\"Strona g\u0142\u00f3wna\",\"item\":\"https:\/\/giemza.ch\/\"},{\"@type\":\"ListItem\",\"position\":2,\"name\":\"Klub biznesu i psychologii\"}]}]}<\/script>\n<!-- \/ Yoast SEO plugin. -->","yoast_head_json":{"title":"Klub biznesu i psychologii - Jakub Jan Giemza","robots":{"index":"index","follow":"follow","max-snippet":"max-snippet:-1","max-image-preview":"max-image-preview:large","max-video-preview":"max-video-preview:-1"},"canonical":"https:\/\/giemza.ch\/index.php\/klub-biznesu-i-psychologii\/","og_locale":"pl_PL","og_type":"article","og_title":"Klub biznesu i psychologii - Jakub Jan Giemza","og_description":"To miejsce spotka\u0144 stworzone we wsp\u00f3\u0142pracy ze Stowarzyszeniem Dystans dla os\u00f3b chc\u0105cych nawi\u0105zywa\u0107 nowe relacje, zdobywa\u0107 wiedz\u0119 z zakresu psychologii biznesu, zarz\u0105dzania oraz etyki, kultury i sztuki. Podczas spotka\u0144 Klubu opr\u00f3cz wyk\u0142ad\u00f3w i dyskusji odbywaj\u0105 si\u0119 r\u00f3wnie\u017c wernisa\u017ce oraz prezentacje m\u0142odych artyst\u00f3w. Wi\u0119cej informacji znajdziecie Pa\u0144stwo w aktualno\u015bciach oraz na naszych mediach spo\u0142eczno\u015bciowych.","og_url":"https:\/\/giemza.ch\/index.php\/klub-biznesu-i-psychologii\/","og_site_name":"Jakub Jan Giemza","article_modified_time":"2022-07-17T15:04:15+00:00","twitter_card":"summary_large_image","twitter_misc":{"Szacowany czas czytania":"1 minuta"},"schema":{"@context":"https:\/\/schema.org","@graph":[{"@type":"Organization","@id":"https:\/\/giemza.ch\/#organization","name":"Jakub Jan Giemza","url":"https:\/\/giemza.ch\/","sameAs":[],"logo":{"@type":"ImageObject","inLanguage":"pl-PL","@id":"https:\/\/giemza.ch\/#\/schema\/logo\/image\/","url":"https:\/\/giemza.ch\/wp-content\/uploads\/2026\/01\/cropped-cropped-ChatGPT-Image-5-sty-2026-o-03_50_08-2.png","contentUrl":"https:\/\/giemza.ch\/wp-content\/uploads\/2026\/01\/cropped-cropped-ChatGPT-Image-5-sty-2026-o-03_50_08-2.png","width":250,"height":250,"caption":"Jakub Jan Giemza"},"image":{"@id":"https:\/\/giemza.ch\/#\/schema\/logo\/image\/"}},{"@type":"WebSite","@id":"https:\/\/giemza.ch\/#website","url":"https:\/\/giemza.ch\/","name":"Jakub Jan Giemza","description":"PSYCHOLOGIA - PSYCHIATRIA - RODZINA &amp; BUSINESS","publisher":{"@id":"https:\/\/giemza.ch\/#organization"},"potentialAction":[{"@type":"SearchAction","target":{"@type":"EntryPoint","urlTemplate":"https:\/\/giemza.ch\/?s={search_term_string}"},"query-input":"required name=search_term_string"}],"inLanguage":"pl-PL"},{"@type":"WebPage","@id":"https:\/\/giemza.ch\/index.php\/klub-biznesu-i-psychologii\/","url":"https:\/\/giemza.ch\/index.php\/klub-biznesu-i-psychologii\/","name":"Klub biznesu i psychologii - Jakub Jan Giemza","isPartOf":{"@id":"https:\/\/giemza.ch\/#website"},"datePublished":"2022-03-01T15:54:38+00:00","dateModified":"2022-07-17T15:04:15+00:00","breadcrumb":{"@id":"https:\/\/giemza.ch\/index.php\/klub-biznesu-i-psychologii\/#breadcrumb"},"inLanguage":"pl-PL","potentialAction":[{"@type":"ReadAction","target":["https:\/\/giemza.ch\/index.php\/klub-biznesu-i-psychologii\/"]}]},{"@type":"BreadcrumbList","@id":"https:\/\/giemza.ch\/index.php\/klub-biznesu-i-psychologii\/#breadcrumb","itemListElement":[{"@type":"ListItem","position":1,"name":"Strona g\u0142\u00f3wna","item":"https:\/\/giemza.ch\/"},{"@type":"ListItem","position":2,"name":"Klub biznesu i psychologii"}]}]}},"_links":{"self":[{"href":"https:\/\/giemza.ch\/index.php\/wp-json\/wp\/v2\/pages\/418"}],"collection":[{"href":"https:\/\/giemza.ch\/index.php\/wp-json\/wp\/v2\/pages"}],"about":[{"href":"https:\/\/giemza.ch\/index.php\/wp-json\/wp\/v2\/types\/page"}],"author":[{"embeddable":true,"href":"https:\/\/giemza.ch\/index.php\/wp-json\/wp\/v2\/users\/1"}],"replies":[{"embeddable":true,"href":"https:\/\/giemza.ch\/index.php\/wp-json\/wp\/v2\/comments?post=418"}],"version-history":[{"count":2,"href":"https:\/\/giemza.ch\/index.php\/wp-json\/wp\/v2\/pages\/418\/revisions"}],"predecessor-version":[{"id":425,"href":"https:\/\/giemza.ch\/index.php\/wp-json\/wp\/v2\/pages\/418\/revisions\/425"}],"wp:attachment":[{"href":"https:\/\/giemza.ch\/index.php\/wp-json\/wp\/v2\/media?parent=418"}],"curies":[{"name":"wp","href":"https:\/\/api.w.org\/{rel}","templated":true}]}}