{"id":413,"date":"2022-03-01T16:46:33","date_gmt":"2022-03-01T15:46:33","guid":{"rendered":"http:\/\/giemza.ch\/?page_id=413"},"modified":"2022-07-17T17:33:17","modified_gmt":"2022-07-17T15:33:17","slug":"dzialalnosc-pro-publico-bono","status":"publish","type":"page","link":"https:\/\/giemza.ch\/index.php\/dzialalnosc-pro-publico-bono\/","title":{"rendered":"Dzia\u0142alno\u015b\u0107 Pro Publico Bono"},"content":{"rendered":"\n<p>Nasz\u0105 pasj\u0119 dzia\u0142alno\u015bci dla dobra spo\u0142ecznego wyra\u017camy w dzia\u0142aniach Stowarzyszenia Dystans.<\/p>\n\n\n\n<p>Stowarzyszenie Dystans powsta\u0142o w wyniku rosn\u0105cych potrzeb spo\u0142ecznych oraz potrzeby serca za\u0142o\u017cycieli tworz\u0105c miejsce s\u0142u\u017c\u0105ce pomoc\u0105 seniorom, osobom nara\u017conym na trudno\u015bci, wykluczenia oraz poszukuj\u0105cym nowych mo\u017cliwo\u015bci rozwoju.\u00a0\u00a0\u00a0<\/p>\n\n\n\n<p>Nasz\u0105 misj\u0105 jest nie tylko niesienie wsparcia osobom znajduj\u0105cym si\u0119 w trudnej sytuacji zdrowotnej czy zawodowej ale tak\u017ce aktywizacja dzia\u0142a\u0144 poznawczych, spo\u0142ecznych oraz rozw\u00f3j zainteresowa\u0144 osobistych. Pragniemy dzieli\u0107 si\u0119 do\u015bwiadczeniem i wiedz\u0105 oferuj\u0105c m.in.: wyk\u0142ady, spotkania z psychologiem, historykiem, biotechnologiem, farmaceut\u0105, weterynarzem, plastykiem czy architektem wn\u0119trz \u2013 zach\u0119caj\u0105c do udzia\u0142u np. w zaj\u0119ciach terapeutycznych, j\u0119zykowych lub plastycznych. Organizujemy \u2013 r\u00f3wnie\u017c dzi\u0119ki wsparciu sponsor\u00f3w \u2013 wernisa\u017ce, koncerty i spotkania autorskie promuj\u0105c nowe talenty.<\/p>\n\n\n\n<p>Jeste\u015bmy otwarci na kreatywne pomys\u0142y i wsp\u00f3\u0142prac\u0119 w zakresie rozwoju \u015bwiadomo\u015bci prozdrowotnej, zawodowej, historycznej, kulturalnej oraz pozosta\u0142ych <a href=\"https:\/\/stowarzyszeniedystans.pl\/cele-stowarzyszenia\">cel\u00f3w statutowych Stowarzyszenia<\/a>.<\/p>\n\n\n\n<p>Stowarzyszenie DYSTANS kieruje si\u0119 zasad\u0105 poszanowania prawa, godno\u015bci i wolno\u015bci cz\u0142owieka oraz ide\u0105 r\u00f3wnego traktowania pozostaj\u0105c niezale\u017cnym politycznie i wyznaniowo.<\/p>\n\n\n\n<figure class=\"wp-block-gallery columns-3 is-cropped\"><ul class=\"blocks-gallery-grid\"><li class=\"blocks-gallery-item\"><figure><img loading=\"lazy\" width=\"1024\" height=\"768\" src=\"http:\/\/giemza.ch\/wp-content\/uploads\/2022\/07\/DSCN3107-1024x768.jpg\" alt=\"\" data-id=\"429\" data-link=\"http:\/\/giemza.ch\/index.php\/dzialalnosc-pro-publico-bono\/dscn3107\/\" class=\"wp-image-429\" srcset=\"https:\/\/giemza.ch\/wp-content\/uploads\/2022\/07\/DSCN3107-1024x768.jpg 1024w, https:\/\/giemza.ch\/wp-content\/uploads\/2022\/07\/DSCN3107-300x225.jpg 300w, https:\/\/giemza.ch\/wp-content\/uploads\/2022\/07\/DSCN3107-768x576.jpg 768w, https:\/\/giemza.ch\/wp-content\/uploads\/2022\/07\/DSCN3107-1536x1152.jpg 1536w, https:\/\/giemza.ch\/wp-content\/uploads\/2022\/07\/DSCN3107-2048x1536.jpg 2048w\" sizes=\"(max-width: 767px) 89vw, (max-width: 1000px) 54vw, (max-width: 1071px) 543px, 580px\" \/><\/figure><\/li><li class=\"blocks-gallery-item\"><figure><img loading=\"lazy\" width=\"1024\" height=\"768\" src=\"http:\/\/giemza.ch\/wp-content\/uploads\/2022\/07\/DSCN3147-1024x768.jpg\" alt=\"\" data-id=\"430\" data-link=\"http:\/\/giemza.ch\/index.php\/dzialalnosc-pro-publico-bono\/dscn3147\/\" class=\"wp-image-430\" srcset=\"https:\/\/giemza.ch\/wp-content\/uploads\/2022\/07\/DSCN3147-1024x768.jpg 1024w, https:\/\/giemza.ch\/wp-content\/uploads\/2022\/07\/DSCN3147-300x225.jpg 300w, https:\/\/giemza.ch\/wp-content\/uploads\/2022\/07\/DSCN3147-768x576.jpg 768w, https:\/\/giemza.ch\/wp-content\/uploads\/2022\/07\/DSCN3147-1536x1152.jpg 1536w, https:\/\/giemza.ch\/wp-content\/uploads\/2022\/07\/DSCN3147-2048x1536.jpg 2048w\" sizes=\"(max-width: 767px) 89vw, (max-width: 1000px) 54vw, (max-width: 1071px) 543px, 580px\" \/><\/figure><\/li><li class=\"blocks-gallery-item\"><figure><img loading=\"lazy\" width=\"1024\" height=\"768\" src=\"http:\/\/giemza.ch\/wp-content\/uploads\/2022\/07\/DSCN3205-1024x768.jpg\" alt=\"\" data-id=\"431\" data-link=\"http:\/\/giemza.ch\/index.php\/dzialalnosc-pro-publico-bono\/dscn3205\/\" class=\"wp-image-431\" srcset=\"https:\/\/giemza.ch\/wp-content\/uploads\/2022\/07\/DSCN3205-1024x768.jpg 1024w, https:\/\/giemza.ch\/wp-content\/uploads\/2022\/07\/DSCN3205-300x225.jpg 300w, https:\/\/giemza.ch\/wp-content\/uploads\/2022\/07\/DSCN3205-768x576.jpg 768w, https:\/\/giemza.ch\/wp-content\/uploads\/2022\/07\/DSCN3205-1536x1152.jpg 1536w, https:\/\/giemza.ch\/wp-content\/uploads\/2022\/07\/DSCN3205-2048x1536.jpg 2048w\" sizes=\"(max-width: 767px) 89vw, (max-width: 1000px) 54vw, (max-width: 1071px) 543px, 580px\" \/><\/figure><\/li><li class=\"blocks-gallery-item\"><figure><img loading=\"lazy\" width=\"1024\" height=\"768\" src=\"http:\/\/giemza.ch\/wp-content\/uploads\/2022\/07\/DSCN3230-1024x768.jpg\" alt=\"\" data-id=\"433\" data-link=\"http:\/\/giemza.ch\/index.php\/dzialalnosc-pro-publico-bono\/dscn3230\/\" class=\"wp-image-433\" srcset=\"https:\/\/giemza.ch\/wp-content\/uploads\/2022\/07\/DSCN3230-1024x768.jpg 1024w, https:\/\/giemza.ch\/wp-content\/uploads\/2022\/07\/DSCN3230-300x225.jpg 300w, https:\/\/giemza.ch\/wp-content\/uploads\/2022\/07\/DSCN3230-768x576.jpg 768w, https:\/\/giemza.ch\/wp-content\/uploads\/2022\/07\/DSCN3230-1536x1152.jpg 1536w, https:\/\/giemza.ch\/wp-content\/uploads\/2022\/07\/DSCN3230-2048x1536.jpg 2048w\" sizes=\"(max-width: 767px) 89vw, (max-width: 1000px) 54vw, (max-width: 1071px) 543px, 580px\" \/><\/figure><\/li><li class=\"blocks-gallery-item\"><figure><img loading=\"lazy\" width=\"1024\" height=\"768\" src=\"http:\/\/giemza.ch\/wp-content\/uploads\/2022\/07\/DSCN3097-1024x768.jpg\" alt=\"\" data-id=\"434\" data-link=\"http:\/\/giemza.ch\/index.php\/dzialalnosc-pro-publico-bono\/dscn3097\/\" class=\"wp-image-434\" srcset=\"https:\/\/giemza.ch\/wp-content\/uploads\/2022\/07\/DSCN3097-1024x768.jpg 1024w, https:\/\/giemza.ch\/wp-content\/uploads\/2022\/07\/DSCN3097-300x225.jpg 300w, https:\/\/giemza.ch\/wp-content\/uploads\/2022\/07\/DSCN3097-768x576.jpg 768w, https:\/\/giemza.ch\/wp-content\/uploads\/2022\/07\/DSCN3097-1536x1152.jpg 1536w, https:\/\/giemza.ch\/wp-content\/uploads\/2022\/07\/DSCN3097-2048x1536.jpg 2048w\" sizes=\"(max-width: 767px) 89vw, (max-width: 1000px) 54vw, (max-width: 1071px) 543px, 580px\" \/><\/figure><\/li><li class=\"blocks-gallery-item\"><figure><img loading=\"lazy\" width=\"1024\" height=\"768\" src=\"http:\/\/giemza.ch\/wp-content\/uploads\/2022\/07\/xDSCN3108-1024x768.jpg.pagespeed.ic_.pTN78S3taY.jpg.webp\" alt=\"\" data-id=\"436\" data-full-url=\"http:\/\/giemza.ch\/wp-content\/uploads\/2022\/07\/xDSCN3108-1024x768.jpg.pagespeed.ic_.pTN78S3taY.jpg.webp\" data-link=\"http:\/\/giemza.ch\/index.php\/dzialalnosc-pro-publico-bono\/xdscn3108-1024x768-jpg-pagespeed-ic_-ptn78s3tay-jpg\/\" class=\"wp-image-436\" srcset=\"https:\/\/giemza.ch\/wp-content\/uploads\/2022\/07\/xDSCN3108-1024x768.jpg.pagespeed.ic_.pTN78S3taY.jpg.webp 1024w, https:\/\/giemza.ch\/wp-content\/uploads\/2022\/07\/xDSCN3108-1024x768.jpg.pagespeed.ic_.pTN78S3taY.jpg-300x225.webp 300w, https:\/\/giemza.ch\/wp-content\/uploads\/2022\/07\/xDSCN3108-1024x768.jpg.pagespeed.ic_.pTN78S3taY.jpg-768x576.webp 768w\" sizes=\"(max-width: 767px) 89vw, (max-width: 1000px) 54vw, (max-width: 1071px) 543px, 580px\" \/><\/figure><\/li><li class=\"blocks-gallery-item\"><figure><img loading=\"lazy\" width=\"850\" height=\"638\" src=\"http:\/\/giemza.ch\/wp-content\/uploads\/2022\/07\/xIMG_2109-850x638.jpg.pagespeed.ic_.vQdAvEoy6J.jpg.webp\" alt=\"\" data-id=\"437\" data-full-url=\"http:\/\/giemza.ch\/wp-content\/uploads\/2022\/07\/xIMG_2109-850x638.jpg.pagespeed.ic_.vQdAvEoy6J.jpg.webp\" data-link=\"http:\/\/giemza.ch\/index.php\/dzialalnosc-pro-publico-bono\/ximg_2109-850x638-jpg-pagespeed-ic_-vqdaveoy6j-jpg\/\" class=\"wp-image-437\" srcset=\"https:\/\/giemza.ch\/wp-content\/uploads\/2022\/07\/xIMG_2109-850x638.jpg.pagespeed.ic_.vQdAvEoy6J.jpg.webp 850w, https:\/\/giemza.ch\/wp-content\/uploads\/2022\/07\/xIMG_2109-850x638.jpg.pagespeed.ic_.vQdAvEoy6J.jpg-300x225.webp 300w, https:\/\/giemza.ch\/wp-content\/uploads\/2022\/07\/xIMG_2109-850x638.jpg.pagespeed.ic_.vQdAvEoy6J.jpg-768x576.webp 768w\" sizes=\"(max-width: 767px) 89vw, (max-width: 1000px) 54vw, (max-width: 1071px) 543px, 580px\" \/><\/figure><\/li><\/ul><\/figure>\n\n\n\n<p><\/p>\n\n\n\n<h1 class=\"has-text-align-center\"><strong>Projekt INKA<\/strong><\/h1>\n\n\n\n<figure class=\"wp-block-image\"><img src=\"https:\/\/server101833.nazwa.pl\/wordpress\/wpn_stowarzyszenie\/wp-content\/uploads\/2019\/09\/BABUNIA-1024x768.jpg\" alt=\"\" class=\"wp-image-257\"\/><figcaption>1928 \u2013 2010&nbsp;<br><br>Pami\u0119ci Marii \u201cINKI\u201d Giemzy&nbsp;<\/figcaption><\/figure>\n\n\n\n<p>Projekt po\u015bwi\u0119cony pami\u0119ci Inki Giemzy \u2013 Mamy i Babci za\u0142o\u017cycieli Stowarzyszenia, do kt\u00f3rego zapraszamy ch\u0119tnych tw\u00f3rc\u00f3w oraz sponsor\u00f3w zwi\u0105zanych z pe\u0142nym INKA lub tylko z \u201ejedn\u0105 z liter \u201d.&nbsp;<\/p>\n\n\n\n<p>Wsp\u00f3lnie prowadzone dzia\u0142ania w zakresie INKA mog\u0105 przynie\u015b\u0107 spektakularne efekty inicjatyw bezpo\u015brednio przek\u0142adaj\u0105cych si\u0119 na podniesienie innowacyjno\u015bci, nauki, kultury i aktywno\u015bci spo\u0142ecznej przywracaj\u0105c wiar\u0119 w cz\u0142owieka, jego si\u0142\u0119 i umiej\u0119tno\u015bci.<\/p>\n\n\n\n<p>G\u0142\u00f3wnym celem jest zwi\u0119kszenie szans na integracj\u0119 spo\u0142eczn\u0105, czynne zaistnienie na rynku pracy os\u00f3b zagro\u017conych wykluczeniem spo\u0142ecznym, aktywizacj\u0119 os\u00f3b starszych i samotnych. Pragniemy pom\u00f3c w podnoszeniu kompetencji osobistych i spo\u0142ecznych; wiedzy i umiej\u0119tno\u015bci zwi\u0105zanych z aktywnym poszukiwaniem pracy; wiedzy w zakresie historii i kultury regionu.&nbsp;<\/p>\n\n\n\n<p><strong><a href=\"https:\/\/stowarzyszeniedystans.pl\/innowacja\">I<\/a><\/strong><a href=\"https:\/\/stowarzyszeniedystans.pl\/innowacja\">nnowacja<\/a><\/p>\n\n\n\n<p><strong><a href=\"https:\/\/stowarzyszeniedystans.pl\/nauka\">N<\/a><\/strong><a href=\"https:\/\/stowarzyszeniedystans.pl\/nauka\">auka<\/a><\/p>\n\n\n\n<p><strong><a href=\"https:\/\/stowarzyszeniedystans.pl\/kultura\">K<\/a><\/strong><a href=\"https:\/\/stowarzyszeniedystans.pl\/kultura\">ultura<\/a><\/p>\n\n\n\n<p><strong><a href=\"https:\/\/stowarzyszeniedystans.pl\/aktywnosc\">A<\/a><\/strong><a href=\"https:\/\/stowarzyszeniedystans.pl\/aktywnosc\">ktywno\u015b\u0107<\/a><\/p>\n","protected":false},"excerpt":{"rendered":"<p>Nasz\u0105 pasj\u0119 dzia\u0142alno\u015bci dla dobra spo\u0142ecznego wyra\u017camy w dzia\u0142aniach Stowarzyszenia Dystans. Stowarzyszenie Dystans powsta\u0142o w wyniku rosn\u0105cych potrzeb spo\u0142ecznych oraz potrzeby serca za\u0142o\u017cycieli tworz\u0105c miejsce s\u0142u\u017c\u0105ce pomoc\u0105 seniorom, osobom nara\u017conym na trudno\u015bci, wykluczenia oraz poszukuj\u0105cym nowych mo\u017cliwo\u015bci rozwoju.\u00a0\u00a0\u00a0 Nasz\u0105 misj\u0105 jest nie tylko niesienie wsparcia osobom znajduj\u0105cym si\u0119 w trudnej sytuacji zdrowotnej czy zawodowej ale &hellip; <\/p>\n<p class=\"link-more\"><a href=\"https:\/\/giemza.ch\/index.php\/dzialalnosc-pro-publico-bono\/\" class=\"more-link\">Czytaj dalej<span class=\"screen-reader-text\"> Dzia\u0142alno\u015b\u0107 Pro Publico Bono<\/span><\/a><\/p>\n","protected":false},"author":1,"featured_media":0,"parent":0,"menu_order":0,"comment_status":"closed","ping_status":"closed","template":"","meta":[],"yoast_head":"<!-- This site is optimized with the Yoast SEO plugin v19.4 - https:\/\/yoast.com\/wordpress\/plugins\/seo\/ -->\n<title>Dzia\u0142alno\u015b\u0107 Pro Publico Bono - Jakub Jan Giemza<\/title>\n<meta name=\"robots\" content=\"index, follow, max-snippet:-1, max-image-preview:large, max-video-preview:-1\" \/>\n<link rel=\"canonical\" href=\"https:\/\/giemza.ch\/index.php\/dzialalnosc-pro-publico-bono\/\" \/>\n<meta property=\"og:locale\" content=\"pl_PL\" \/>\n<meta property=\"og:type\" content=\"article\" \/>\n<meta property=\"og:title\" content=\"Dzia\u0142alno\u015b\u0107 Pro Publico Bono - Jakub Jan Giemza\" \/>\n<meta property=\"og:description\" content=\"Nasz\u0105 pasj\u0119 dzia\u0142alno\u015bci dla dobra spo\u0142ecznego wyra\u017camy w dzia\u0142aniach Stowarzyszenia Dystans. Stowarzyszenie Dystans powsta\u0142o w wyniku rosn\u0105cych potrzeb spo\u0142ecznych oraz potrzeby serca za\u0142o\u017cycieli tworz\u0105c miejsce s\u0142u\u017c\u0105ce pomoc\u0105 seniorom, osobom nara\u017conym na trudno\u015bci, wykluczenia oraz poszukuj\u0105cym nowych mo\u017cliwo\u015bci rozwoju.\u00a0\u00a0\u00a0 Nasz\u0105 misj\u0105 jest nie tylko niesienie wsparcia osobom znajduj\u0105cym si\u0119 w trudnej sytuacji zdrowotnej czy zawodowej ale &hellip; Czytaj dalej Dzia\u0142alno\u015b\u0107 Pro Publico Bono\" \/>\n<meta property=\"og:url\" content=\"https:\/\/giemza.ch\/index.php\/dzialalnosc-pro-publico-bono\/\" \/>\n<meta property=\"og:site_name\" content=\"Jakub Jan Giemza\" \/>\n<meta property=\"article:modified_time\" content=\"2022-07-17T15:33:17+00:00\" \/>\n<meta property=\"og:image\" content=\"http:\/\/giemza.ch\/wp-content\/uploads\/2022\/07\/DSCN3107-1024x768.jpg\" \/>\n<meta name=\"twitter:card\" content=\"summary_large_image\" \/>\n<meta name=\"twitter:label1\" content=\"Szacowany czas czytania\" \/>\n\t<meta name=\"twitter:data1\" content=\"4 minuty\" \/>\n<script type=\"application\/ld+json\" class=\"yoast-schema-graph\">{\"@context\":\"https:\/\/schema.org\",\"@graph\":[{\"@type\":\"Organization\",\"@id\":\"https:\/\/giemza.ch\/#organization\",\"name\":\"Jakub Jan Giemza\",\"url\":\"https:\/\/giemza.ch\/\",\"sameAs\":[],\"logo\":{\"@type\":\"ImageObject\",\"inLanguage\":\"pl-PL\",\"@id\":\"https:\/\/giemza.ch\/#\/schema\/logo\/image\/\",\"url\":\"https:\/\/giemza.ch\/wp-content\/uploads\/2026\/01\/cropped-cropped-ChatGPT-Image-5-sty-2026-o-03_50_08-2.png\",\"contentUrl\":\"https:\/\/giemza.ch\/wp-content\/uploads\/2026\/01\/cropped-cropped-ChatGPT-Image-5-sty-2026-o-03_50_08-2.png\",\"width\":250,\"height\":250,\"caption\":\"Jakub Jan Giemza\"},\"image\":{\"@id\":\"https:\/\/giemza.ch\/#\/schema\/logo\/image\/\"}},{\"@type\":\"WebSite\",\"@id\":\"https:\/\/giemza.ch\/#website\",\"url\":\"https:\/\/giemza.ch\/\",\"name\":\"Jakub Jan Giemza\",\"description\":\"PSYCHOLOGIA - PSYCHIATRIA - RODZINA &amp; BUSINESS\",\"publisher\":{\"@id\":\"https:\/\/giemza.ch\/#organization\"},\"potentialAction\":[{\"@type\":\"SearchAction\",\"target\":{\"@type\":\"EntryPoint\",\"urlTemplate\":\"https:\/\/giemza.ch\/?s={search_term_string}\"},\"query-input\":\"required name=search_term_string\"}],\"inLanguage\":\"pl-PL\"},{\"@type\":\"WebPage\",\"@id\":\"https:\/\/giemza.ch\/index.php\/dzialalnosc-pro-publico-bono\/\",\"url\":\"https:\/\/giemza.ch\/index.php\/dzialalnosc-pro-publico-bono\/\",\"name\":\"Dzia\u0142alno\u015b\u0107 Pro Publico Bono - Jakub Jan Giemza\",\"isPartOf\":{\"@id\":\"https:\/\/giemza.ch\/#website\"},\"datePublished\":\"2022-03-01T15:46:33+00:00\",\"dateModified\":\"2022-07-17T15:33:17+00:00\",\"breadcrumb\":{\"@id\":\"https:\/\/giemza.ch\/index.php\/dzialalnosc-pro-publico-bono\/#breadcrumb\"},\"inLanguage\":\"pl-PL\",\"potentialAction\":[{\"@type\":\"ReadAction\",\"target\":[\"https:\/\/giemza.ch\/index.php\/dzialalnosc-pro-publico-bono\/\"]}]},{\"@type\":\"BreadcrumbList\",\"@id\":\"https:\/\/giemza.ch\/index.php\/dzialalnosc-pro-publico-bono\/#breadcrumb\",\"itemListElement\":[{\"@type\":\"ListItem\",\"position\":1,\"name\":\"Strona g\u0142\u00f3wna\",\"item\":\"https:\/\/giemza.ch\/\"},{\"@type\":\"ListItem\",\"position\":2,\"name\":\"Dzia\u0142alno\u015b\u0107 Pro Publico Bono\"}]}]}<\/script>\n<!-- \/ Yoast SEO plugin. -->","yoast_head_json":{"title":"Dzia\u0142alno\u015b\u0107 Pro Publico Bono - Jakub Jan Giemza","robots":{"index":"index","follow":"follow","max-snippet":"max-snippet:-1","max-image-preview":"max-image-preview:large","max-video-preview":"max-video-preview:-1"},"canonical":"https:\/\/giemza.ch\/index.php\/dzialalnosc-pro-publico-bono\/","og_locale":"pl_PL","og_type":"article","og_title":"Dzia\u0142alno\u015b\u0107 Pro Publico Bono - Jakub Jan Giemza","og_description":"Nasz\u0105 pasj\u0119 dzia\u0142alno\u015bci dla dobra spo\u0142ecznego wyra\u017camy w dzia\u0142aniach Stowarzyszenia Dystans. Stowarzyszenie Dystans powsta\u0142o w wyniku rosn\u0105cych potrzeb spo\u0142ecznych oraz potrzeby serca za\u0142o\u017cycieli tworz\u0105c miejsce s\u0142u\u017c\u0105ce pomoc\u0105 seniorom, osobom nara\u017conym na trudno\u015bci, wykluczenia oraz poszukuj\u0105cym nowych mo\u017cliwo\u015bci rozwoju.\u00a0\u00a0\u00a0 Nasz\u0105 misj\u0105 jest nie tylko niesienie wsparcia osobom znajduj\u0105cym si\u0119 w trudnej sytuacji zdrowotnej czy zawodowej ale &hellip; Czytaj dalej Dzia\u0142alno\u015b\u0107 Pro Publico Bono","og_url":"https:\/\/giemza.ch\/index.php\/dzialalnosc-pro-publico-bono\/","og_site_name":"Jakub Jan Giemza","article_modified_time":"2022-07-17T15:33:17+00:00","og_image":[{"url":"http:\/\/giemza.ch\/wp-content\/uploads\/2022\/07\/DSCN3107-1024x768.jpg"}],"twitter_card":"summary_large_image","twitter_misc":{"Szacowany czas czytania":"4 minuty"},"schema":{"@context":"https:\/\/schema.org","@graph":[{"@type":"Organization","@id":"https:\/\/giemza.ch\/#organization","name":"Jakub Jan Giemza","url":"https:\/\/giemza.ch\/","sameAs":[],"logo":{"@type":"ImageObject","inLanguage":"pl-PL","@id":"https:\/\/giemza.ch\/#\/schema\/logo\/image\/","url":"https:\/\/giemza.ch\/wp-content\/uploads\/2026\/01\/cropped-cropped-ChatGPT-Image-5-sty-2026-o-03_50_08-2.png","contentUrl":"https:\/\/giemza.ch\/wp-content\/uploads\/2026\/01\/cropped-cropped-ChatGPT-Image-5-sty-2026-o-03_50_08-2.png","width":250,"height":250,"caption":"Jakub Jan Giemza"},"image":{"@id":"https:\/\/giemza.ch\/#\/schema\/logo\/image\/"}},{"@type":"WebSite","@id":"https:\/\/giemza.ch\/#website","url":"https:\/\/giemza.ch\/","name":"Jakub Jan Giemza","description":"PSYCHOLOGIA - PSYCHIATRIA - RODZINA &amp; BUSINESS","publisher":{"@id":"https:\/\/giemza.ch\/#organization"},"potentialAction":[{"@type":"SearchAction","target":{"@type":"EntryPoint","urlTemplate":"https:\/\/giemza.ch\/?s={search_term_string}"},"query-input":"required name=search_term_string"}],"inLanguage":"pl-PL"},{"@type":"WebPage","@id":"https:\/\/giemza.ch\/index.php\/dzialalnosc-pro-publico-bono\/","url":"https:\/\/giemza.ch\/index.php\/dzialalnosc-pro-publico-bono\/","name":"Dzia\u0142alno\u015b\u0107 Pro Publico Bono - Jakub Jan Giemza","isPartOf":{"@id":"https:\/\/giemza.ch\/#website"},"datePublished":"2022-03-01T15:46:33+00:00","dateModified":"2022-07-17T15:33:17+00:00","breadcrumb":{"@id":"https:\/\/giemza.ch\/index.php\/dzialalnosc-pro-publico-bono\/#breadcrumb"},"inLanguage":"pl-PL","potentialAction":[{"@type":"ReadAction","target":["https:\/\/giemza.ch\/index.php\/dzialalnosc-pro-publico-bono\/"]}]},{"@type":"BreadcrumbList","@id":"https:\/\/giemza.ch\/index.php\/dzialalnosc-pro-publico-bono\/#breadcrumb","itemListElement":[{"@type":"ListItem","position":1,"name":"Strona g\u0142\u00f3wna","item":"https:\/\/giemza.ch\/"},{"@type":"ListItem","position":2,"name":"Dzia\u0142alno\u015b\u0107 Pro Publico Bono"}]}]}},"_links":{"self":[{"href":"https:\/\/giemza.ch\/index.php\/wp-json\/wp\/v2\/pages\/413"}],"collection":[{"href":"https:\/\/giemza.ch\/index.php\/wp-json\/wp\/v2\/pages"}],"about":[{"href":"https:\/\/giemza.ch\/index.php\/wp-json\/wp\/v2\/types\/page"}],"author":[{"embeddable":true,"href":"https:\/\/giemza.ch\/index.php\/wp-json\/wp\/v2\/users\/1"}],"replies":[{"embeddable":true,"href":"https:\/\/giemza.ch\/index.php\/wp-json\/wp\/v2\/comments?post=413"}],"version-history":[{"count":5,"href":"https:\/\/giemza.ch\/index.php\/wp-json\/wp\/v2\/pages\/413\/revisions"}],"predecessor-version":[{"id":440,"href":"https:\/\/giemza.ch\/index.php\/wp-json\/wp\/v2\/pages\/413\/revisions\/440"}],"wp:attachment":[{"href":"https:\/\/giemza.ch\/index.php\/wp-json\/wp\/v2\/media?parent=413"}],"curies":[{"name":"wp","href":"https:\/\/api.w.org\/{rel}","templated":true}]}}