{"id":219,"date":"2020-08-12T22:46:15","date_gmt":"2020-08-12T20:46:15","guid":{"rendered":"http:\/\/giemza.ch\/?page_id=219"},"modified":"2025-10-11T16:10:09","modified_gmt":"2025-10-11T14:10:09","slug":"obsluga-klientow-vip","status":"publish","type":"page","link":"https:\/\/giemza.ch\/index.php\/obsluga-klientow-vip\/","title":{"rendered":"Obs\u0142uga Klient\u00f3w Premium"},"content":{"rendered":"\n<figure class=\"wp-block-image size-large\"><img loading=\"lazy\" width=\"1024\" height=\"768\" src=\"http:\/\/giemza.ch\/wp-content\/uploads\/2020\/08\/luxury-1961577_1920-1024x768.jpg\" alt=\"\" class=\"wp-image-224\" srcset=\"https:\/\/giemza.ch\/wp-content\/uploads\/2020\/08\/luxury-1961577_1920-1024x768.jpg 1024w, https:\/\/giemza.ch\/wp-content\/uploads\/2020\/08\/luxury-1961577_1920-300x225.jpg 300w, https:\/\/giemza.ch\/wp-content\/uploads\/2020\/08\/luxury-1961577_1920-768x576.jpg 768w, https:\/\/giemza.ch\/wp-content\/uploads\/2020\/08\/luxury-1961577_1920-1536x1152.jpg 1536w, https:\/\/giemza.ch\/wp-content\/uploads\/2020\/08\/luxury-1961577_1920.jpg 1920w\" sizes=\"(max-width: 767px) 89vw, (max-width: 1000px) 54vw, (max-width: 1071px) 543px, 580px\" \/><\/figure>\n\n\n\n<p>Dla tej grupy Klient\u00f3w przygotowa\u0142em specjalny, rozszerzony zakresy us\u0142ug.<\/p>\n\n\n\n<p>Wiem z jakimi problemami borykaj\u0105 si\u0119 osoby zamo\u017cne lub powszechnie znane. Opr\u00f3cz stresogennej specyfiki \u017cycia zawodowego nara\u017cone s\u0105 tak\u017ce na permanentn\u0105  ocen\u0119 lub naciski r\u00f3\u017cnych grup ineteresariuszy. Brak anonimowo\u015bci, zagro\u017cenie bezpiecze\u0144stwa swojego i bliskich intensywnie wp\u0142ywaj\u0105 na psychik\u0119 Klienta.<\/p>\n\n\n\n<p>Posiadam ponad dziesi\u0119cioletnie do\u015bwiadczenie w obs\u0142udze Klient\u00f3w specjalnych w tym przedsi\u0119biorc\u00f3w, ludzi kultury i sztuki, medi\u00f3w czy polityk\u00f3w.<\/p>\n\n\n\n<p>We wsp\u00f3\u0142pracy z profesjonalistami zapewniam wyj\u0105tkowy komfort spotka\u0144 w luksusowych warunkach, gwarantuj\u0105cych pe\u0142n\u0105 anonimowo\u015b\u0107 i specjalne bezpiecze\u0144stwo spotka\u0144. <\/p>\n\n\n\n<p>Klientom VIP zapewniam opiek\u0119 od momentu dotarcia do Wroc\u0142awia. Oferuj\u0119 profesjonalny transfer z lotniska do wskazanej destynacji w podstawionych limuzynach z zawodowymi kierowcami. <\/p>\n\n\n\n<p>Na specjalne \u017cyczenie na czas pobytu oferuj\u0119 profesjonaln\u0105 ochron\u0119. Ponadto do dyspozycji Klienta jest us\u0142uga Concierge&#8217;a, kt\u00f3ry ca\u0142odobowo wychodzi\u0142 b\u0119dzie na przeciw oczekiwaniom Klienta.<\/p>\n\n\n\n<p>Wsp\u00f3\u0142pracuj\u0105c z najlepszymi hotelami gwarantuj\u0119 wygodny bezpieczny pobyt w mie\u015bcie. <\/p>\n\n\n\n<p>Dla grupy Klient\u00f3w VIP dedykuj\u0119 prac\u0119 w nielimitowanym wymiarze czasowym, dopasowanym do potrzeb sytuacji. <\/p>\n\n\n\n<p>Cz\u0119stym i lubianym rozwi\u0105zaniem s\u0105 sesje weekendowe, kt\u00f3re odbywaj\u0105 si\u0119 w wyj\u0105tkowym otoczeniu z dala od zgie\u0142ku miasta i spojrze\u0144 os\u00f3b niepo\u017c\u0105danych a nawet zasi\u0119gu sieci.<\/p>\n\n\n\n<p>Na specjalne \u017cyczenie Klienta, uczestnicz\u0119 tak\u017ce w strategicznych spotkaniach. S\u0142u\u017c\u0119 nieprzerwanym, bezpo\u015brednim wsparciem psychologicznym i biznesowym zar\u00f3wno w Polsce jak i zagranic\u0105.<\/p>\n\n\n\n<figure class=\"wp-block-image size-large is-resized\"><img loading=\"lazy\" src=\"http:\/\/giemza.ch\/wp-content\/uploads\/2020\/08\/swiss-2700777_1920-1024x677.png\" alt=\"\" class=\"wp-image-228\" width=\"252\" height=\"166\" srcset=\"https:\/\/giemza.ch\/wp-content\/uploads\/2020\/08\/swiss-2700777_1920-1024x677.png 1024w, https:\/\/giemza.ch\/wp-content\/uploads\/2020\/08\/swiss-2700777_1920-300x198.png 300w, https:\/\/giemza.ch\/wp-content\/uploads\/2020\/08\/swiss-2700777_1920-768x508.png 768w, https:\/\/giemza.ch\/wp-content\/uploads\/2020\/08\/swiss-2700777_1920-1536x1016.png 1536w, https:\/\/giemza.ch\/wp-content\/uploads\/2020\/08\/swiss-2700777_1920.png 1920w\" sizes=\"(max-width: 252px) 100vw, 252px\" \/><\/figure>\n\n\n\n<p>Zapewniam najwy\u017csze bezpiecze\u0144stwo transferu i przechowywania informacji. Ca\u0142o\u015b\u0107 korespondencji odbywa si\u0119 za pomoc\u0105 szwajcarskich serwer\u00f3w oraz przy pomocy szyfrowanej i has\u0142owanej szwajcarskiej poczty e-mail. <\/p>\n\n\n\n<p>Wszystkie rozmowy telefoniczne s\u0105 w pe\u0142ni szyfrowane, zgodnie z najwy\u017cszymi standardami bezpiecze\u0144stwa, Nadz\u00f3r nad bezpiecze\u0144stwem informatycznym sprawuje wysokiej klasy specjalista od bezpiecze\u0144stwa i ochrony danych z wpisem do Rejestru Dzia\u0142ano\u015bci Regulowanej Ministerstwa Spraw Wewn\u0119trznych. W ramach us\u0142ug specjalnych pomieszczenia weryfikujemy na wypadek ewentualnych pods\u0142uch\u00f3w.<\/p>\n","protected":false},"excerpt":{"rendered":"<p>Dla tej grupy Klient\u00f3w przygotowa\u0142em specjalny, rozszerzony zakresy us\u0142ug. Wiem z jakimi problemami borykaj\u0105 si\u0119 osoby zamo\u017cne lub powszechnie znane. Opr\u00f3cz stresogennej specyfiki \u017cycia zawodowego nara\u017cone s\u0105 tak\u017ce na permanentn\u0105 ocen\u0119 lub naciski r\u00f3\u017cnych grup ineteresariuszy. Brak anonimowo\u015bci, zagro\u017cenie bezpiecze\u0144stwa swojego i bliskich intensywnie wp\u0142ywaj\u0105 na psychik\u0119 Klienta. Posiadam ponad dziesi\u0119cioletnie do\u015bwiadczenie w obs\u0142udze Klient\u00f3w &hellip; <\/p>\n<p class=\"link-more\"><a href=\"https:\/\/giemza.ch\/index.php\/obsluga-klientow-vip\/\" class=\"more-link\">Czytaj dalej<span class=\"screen-reader-text\"> Obs\u0142uga Klient\u00f3w Premium<\/span><\/a><\/p>\n","protected":false},"author":1,"featured_media":0,"parent":0,"menu_order":0,"comment_status":"closed","ping_status":"closed","template":"","meta":[],"yoast_head":"<!-- This site is optimized with the Yoast SEO plugin v19.4 - https:\/\/yoast.com\/wordpress\/plugins\/seo\/ -->\n<title>Obs\u0142uga Klient\u00f3w Premium - Jakub Jan Giemza<\/title>\n<meta name=\"description\" content=\"Rozszerzone us\u0142ugi psychologiczne i doradcze. Nielimitowane czasowo spotkania terapeutyczne, konsultacyjne i doradcze. Komfortowe warunki.\" \/>\n<meta name=\"robots\" content=\"index, follow, max-snippet:-1, max-image-preview:large, max-video-preview:-1\" \/>\n<link rel=\"canonical\" href=\"https:\/\/giemza.ch\/index.php\/obsluga-klientow-vip\/\" \/>\n<meta property=\"og:locale\" content=\"pl_PL\" \/>\n<meta property=\"og:type\" content=\"article\" \/>\n<meta property=\"og:title\" content=\"Obs\u0142uga Klient\u00f3w Premium - Jakub Jan Giemza\" \/>\n<meta property=\"og:description\" content=\"Rozszerzone us\u0142ugi psychologiczne i doradcze. Nielimitowane czasowo spotkania terapeutyczne, konsultacyjne i doradcze. Komfortowe warunki.\" \/>\n<meta property=\"og:url\" content=\"https:\/\/giemza.ch\/index.php\/obsluga-klientow-vip\/\" \/>\n<meta property=\"og:site_name\" content=\"Jakub Jan Giemza\" \/>\n<meta property=\"article:modified_time\" content=\"2025-10-11T14:10:09+00:00\" \/>\n<meta property=\"og:image\" content=\"http:\/\/giemza.ch\/wp-content\/uploads\/2020\/08\/luxury-1961577_1920-1024x768.jpg\" \/>\n<meta name=\"twitter:card\" content=\"summary_large_image\" \/>\n<meta name=\"twitter:label1\" content=\"Szacowany czas czytania\" \/>\n\t<meta name=\"twitter:data1\" content=\"3 minuty\" \/>\n<script type=\"application\/ld+json\" class=\"yoast-schema-graph\">{\"@context\":\"https:\/\/schema.org\",\"@graph\":[{\"@type\":\"Organization\",\"@id\":\"https:\/\/giemza.ch\/#organization\",\"name\":\"Jakub Jan Giemza\",\"url\":\"https:\/\/giemza.ch\/\",\"sameAs\":[],\"logo\":{\"@type\":\"ImageObject\",\"inLanguage\":\"pl-PL\",\"@id\":\"https:\/\/giemza.ch\/#\/schema\/logo\/image\/\",\"url\":\"https:\/\/giemza.ch\/wp-content\/uploads\/2026\/01\/cropped-cropped-ChatGPT-Image-5-sty-2026-o-03_50_08-2.png\",\"contentUrl\":\"https:\/\/giemza.ch\/wp-content\/uploads\/2026\/01\/cropped-cropped-ChatGPT-Image-5-sty-2026-o-03_50_08-2.png\",\"width\":250,\"height\":250,\"caption\":\"Jakub Jan Giemza\"},\"image\":{\"@id\":\"https:\/\/giemza.ch\/#\/schema\/logo\/image\/\"}},{\"@type\":\"WebSite\",\"@id\":\"https:\/\/giemza.ch\/#website\",\"url\":\"https:\/\/giemza.ch\/\",\"name\":\"Jakub Jan Giemza\",\"description\":\"PSYCHOLOGIA - PSYCHIATRIA - RODZINA &amp; BUSINESS\",\"publisher\":{\"@id\":\"https:\/\/giemza.ch\/#organization\"},\"potentialAction\":[{\"@type\":\"SearchAction\",\"target\":{\"@type\":\"EntryPoint\",\"urlTemplate\":\"https:\/\/giemza.ch\/?s={search_term_string}\"},\"query-input\":\"required name=search_term_string\"}],\"inLanguage\":\"pl-PL\"},{\"@type\":\"WebPage\",\"@id\":\"https:\/\/giemza.ch\/index.php\/obsluga-klientow-vip\/\",\"url\":\"https:\/\/giemza.ch\/index.php\/obsluga-klientow-vip\/\",\"name\":\"Obs\u0142uga Klient\u00f3w Premium - Jakub Jan Giemza\",\"isPartOf\":{\"@id\":\"https:\/\/giemza.ch\/#website\"},\"datePublished\":\"2020-08-12T20:46:15+00:00\",\"dateModified\":\"2025-10-11T14:10:09+00:00\",\"description\":\"Rozszerzone us\u0142ugi psychologiczne i doradcze. Nielimitowane czasowo spotkania terapeutyczne, konsultacyjne i doradcze. Komfortowe warunki.\",\"breadcrumb\":{\"@id\":\"https:\/\/giemza.ch\/index.php\/obsluga-klientow-vip\/#breadcrumb\"},\"inLanguage\":\"pl-PL\",\"potentialAction\":[{\"@type\":\"ReadAction\",\"target\":[\"https:\/\/giemza.ch\/index.php\/obsluga-klientow-vip\/\"]}]},{\"@type\":\"BreadcrumbList\",\"@id\":\"https:\/\/giemza.ch\/index.php\/obsluga-klientow-vip\/#breadcrumb\",\"itemListElement\":[{\"@type\":\"ListItem\",\"position\":1,\"name\":\"Strona g\u0142\u00f3wna\",\"item\":\"https:\/\/giemza.ch\/\"},{\"@type\":\"ListItem\",\"position\":2,\"name\":\"Obs\u0142uga Klient\u00f3w Premium\"}]}]}<\/script>\n<!-- \/ Yoast SEO plugin. -->","yoast_head_json":{"title":"Obs\u0142uga Klient\u00f3w Premium - Jakub Jan Giemza","description":"Rozszerzone us\u0142ugi psychologiczne i doradcze. Nielimitowane czasowo spotkania terapeutyczne, konsultacyjne i doradcze. Komfortowe warunki.","robots":{"index":"index","follow":"follow","max-snippet":"max-snippet:-1","max-image-preview":"max-image-preview:large","max-video-preview":"max-video-preview:-1"},"canonical":"https:\/\/giemza.ch\/index.php\/obsluga-klientow-vip\/","og_locale":"pl_PL","og_type":"article","og_title":"Obs\u0142uga Klient\u00f3w Premium - Jakub Jan Giemza","og_description":"Rozszerzone us\u0142ugi psychologiczne i doradcze. Nielimitowane czasowo spotkania terapeutyczne, konsultacyjne i doradcze. Komfortowe warunki.","og_url":"https:\/\/giemza.ch\/index.php\/obsluga-klientow-vip\/","og_site_name":"Jakub Jan Giemza","article_modified_time":"2025-10-11T14:10:09+00:00","og_image":[{"url":"http:\/\/giemza.ch\/wp-content\/uploads\/2020\/08\/luxury-1961577_1920-1024x768.jpg"}],"twitter_card":"summary_large_image","twitter_misc":{"Szacowany czas czytania":"3 minuty"},"schema":{"@context":"https:\/\/schema.org","@graph":[{"@type":"Organization","@id":"https:\/\/giemza.ch\/#organization","name":"Jakub Jan Giemza","url":"https:\/\/giemza.ch\/","sameAs":[],"logo":{"@type":"ImageObject","inLanguage":"pl-PL","@id":"https:\/\/giemza.ch\/#\/schema\/logo\/image\/","url":"https:\/\/giemza.ch\/wp-content\/uploads\/2026\/01\/cropped-cropped-ChatGPT-Image-5-sty-2026-o-03_50_08-2.png","contentUrl":"https:\/\/giemza.ch\/wp-content\/uploads\/2026\/01\/cropped-cropped-ChatGPT-Image-5-sty-2026-o-03_50_08-2.png","width":250,"height":250,"caption":"Jakub Jan Giemza"},"image":{"@id":"https:\/\/giemza.ch\/#\/schema\/logo\/image\/"}},{"@type":"WebSite","@id":"https:\/\/giemza.ch\/#website","url":"https:\/\/giemza.ch\/","name":"Jakub Jan Giemza","description":"PSYCHOLOGIA - PSYCHIATRIA - RODZINA &amp; BUSINESS","publisher":{"@id":"https:\/\/giemza.ch\/#organization"},"potentialAction":[{"@type":"SearchAction","target":{"@type":"EntryPoint","urlTemplate":"https:\/\/giemza.ch\/?s={search_term_string}"},"query-input":"required name=search_term_string"}],"inLanguage":"pl-PL"},{"@type":"WebPage","@id":"https:\/\/giemza.ch\/index.php\/obsluga-klientow-vip\/","url":"https:\/\/giemza.ch\/index.php\/obsluga-klientow-vip\/","name":"Obs\u0142uga Klient\u00f3w Premium - Jakub Jan Giemza","isPartOf":{"@id":"https:\/\/giemza.ch\/#website"},"datePublished":"2020-08-12T20:46:15+00:00","dateModified":"2025-10-11T14:10:09+00:00","description":"Rozszerzone us\u0142ugi psychologiczne i doradcze. Nielimitowane czasowo spotkania terapeutyczne, konsultacyjne i doradcze. Komfortowe warunki.","breadcrumb":{"@id":"https:\/\/giemza.ch\/index.php\/obsluga-klientow-vip\/#breadcrumb"},"inLanguage":"pl-PL","potentialAction":[{"@type":"ReadAction","target":["https:\/\/giemza.ch\/index.php\/obsluga-klientow-vip\/"]}]},{"@type":"BreadcrumbList","@id":"https:\/\/giemza.ch\/index.php\/obsluga-klientow-vip\/#breadcrumb","itemListElement":[{"@type":"ListItem","position":1,"name":"Strona g\u0142\u00f3wna","item":"https:\/\/giemza.ch\/"},{"@type":"ListItem","position":2,"name":"Obs\u0142uga Klient\u00f3w Premium"}]}]}},"_links":{"self":[{"href":"https:\/\/giemza.ch\/index.php\/wp-json\/wp\/v2\/pages\/219"}],"collection":[{"href":"https:\/\/giemza.ch\/index.php\/wp-json\/wp\/v2\/pages"}],"about":[{"href":"https:\/\/giemza.ch\/index.php\/wp-json\/wp\/v2\/types\/page"}],"author":[{"embeddable":true,"href":"https:\/\/giemza.ch\/index.php\/wp-json\/wp\/v2\/users\/1"}],"replies":[{"embeddable":true,"href":"https:\/\/giemza.ch\/index.php\/wp-json\/wp\/v2\/comments?post=219"}],"version-history":[{"count":10,"href":"https:\/\/giemza.ch\/index.php\/wp-json\/wp\/v2\/pages\/219\/revisions"}],"predecessor-version":[{"id":580,"href":"https:\/\/giemza.ch\/index.php\/wp-json\/wp\/v2\/pages\/219\/revisions\/580"}],"wp:attachment":[{"href":"https:\/\/giemza.ch\/index.php\/wp-json\/wp\/v2\/media?parent=219"}],"curies":[{"name":"wp","href":"https:\/\/api.w.org\/{rel}","templated":true}]}}