{"id":156,"date":"2020-08-12T14:06:45","date_gmt":"2020-08-12T12:06:45","guid":{"rendered":"http:\/\/giemza.ch\/?page_id=156"},"modified":"2020-08-12T18:01:21","modified_gmt":"2020-08-12T16:01:21","slug":"szkolenia-indywidualne-i-grupowe","status":"publish","type":"page","link":"https:\/\/giemza.ch\/index.php\/szkolenia-indywidualne-i-grupowe\/","title":{"rendered":"Szkolenia indywidualne i grupowe"},"content":{"rendered":"\n<figure class=\"wp-block-image size-large\"><img loading=\"lazy\" width=\"1024\" height=\"427\" src=\"http:\/\/giemza.ch\/wp-content\/uploads\/2020\/08\/szkolenia-1024x427.jpg\" alt=\"\" class=\"wp-image-204\" srcset=\"https:\/\/giemza.ch\/wp-content\/uploads\/2020\/08\/szkolenia-1024x427.jpg 1024w, https:\/\/giemza.ch\/wp-content\/uploads\/2020\/08\/szkolenia-300x125.jpg 300w, https:\/\/giemza.ch\/wp-content\/uploads\/2020\/08\/szkolenia-768x320.jpg 768w, https:\/\/giemza.ch\/wp-content\/uploads\/2020\/08\/szkolenia-1536x640.jpg 1536w, https:\/\/giemza.ch\/wp-content\/uploads\/2020\/08\/szkolenia.jpg 1920w\" sizes=\"(max-width: 767px) 89vw, (max-width: 1000px) 54vw, (max-width: 1071px) 543px, 580px\" \/><\/figure>\n\n\n\n<p>Zapewniam atrakcyjne szkolenia otwarte i zamkni\u0119te. Posiadam w swojej ofercie gotowe produkty szkoleniowe jak r\u00f3wnie\u017c tworz\u0119 szkolenia oraz warsztaty dopasowane do potrzeb Klienta, kt\u00f3re poprzedzone s\u0105 analiz\u0105 kompetencji i potrzeb zespo\u0142u.\u00a0<\/p>\n\n\n\n<p><strong>Przyk\u0142adowe produkty szkoleniowe:<\/strong><\/p>\n\n\n\n<p>&nbsp;\u201eMarketing i Public Relations us\u0142ug profesjonalnych\u201d<\/p>\n\n\n\n<p>\u201eZarz\u0105dzanie kontaktami z Klientami\u201d<\/p>\n\n\n\n<p>\u201eTechniki efektywnego rekrutowania i wdra\u017cania pracownik\u00f3w\u201d<\/p>\n\n\n\n<p>\u201eSavoir-Vivre i dyplomacja w biznesie\u201d<\/p>\n\n\n\n<p>\u201eSytuacje kryzysowe w biznesie \u2013 jak reagowa\u0107?\u201d<\/p>\n\n\n\n<p>\u201eOrganizacja czasu pracy i obiegu informacji\u201d<\/p>\n\n\n\n<p>&nbsp;\u201eProfesjonalna asertywno\u015b\u0107 w relacjach biznesowych\u201d<\/p>\n\n\n\n<p>\u201eSkuteczne budowanie ofert biznesowych oraz standardy profesjonalnej korespondencji biznesowej\u201d<\/p>\n\n\n\n<p>&nbsp;\u201eTechniki efektywnej komunikacji\u201d&nbsp;<\/p>\n\n\n\n<p>\u201eZapobieganie wypaleniu zawodowemu?\u201d<\/p>\n\n\n\n<p>\u201eOd zadania do celu \u2013 czyli umiej\u0119tne zarz\u0105dzanie projektami\u201d<\/p>\n","protected":false},"excerpt":{"rendered":"<p>Zapewniam atrakcyjne szkolenia otwarte i zamkni\u0119te. Posiadam w swojej ofercie gotowe produkty szkoleniowe jak r\u00f3wnie\u017c tworz\u0119 szkolenia oraz warsztaty dopasowane do potrzeb Klienta, kt\u00f3re poprzedzone s\u0105 analiz\u0105 kompetencji i potrzeb zespo\u0142u.\u00a0 Przyk\u0142adowe produkty szkoleniowe: &nbsp;\u201eMarketing i Public Relations us\u0142ug profesjonalnych\u201d \u201eZarz\u0105dzanie kontaktami z Klientami\u201d \u201eTechniki efektywnego rekrutowania i wdra\u017cania pracownik\u00f3w\u201d \u201eSavoir-Vivre i dyplomacja w biznesie\u201d &hellip; <\/p>\n<p class=\"link-more\"><a href=\"https:\/\/giemza.ch\/index.php\/szkolenia-indywidualne-i-grupowe\/\" class=\"more-link\">Czytaj dalej<span class=\"screen-reader-text\"> Szkolenia indywidualne i grupowe<\/span><\/a><\/p>\n","protected":false},"author":1,"featured_media":0,"parent":0,"menu_order":0,"comment_status":"closed","ping_status":"closed","template":"","meta":[],"yoast_head":"<!-- This site is optimized with the Yoast SEO plugin v19.4 - https:\/\/yoast.com\/wordpress\/plugins\/seo\/ -->\n<title>Szkolenia indywidualne i grupowe - Jakub Jan Giemza<\/title>\n<meta name=\"robots\" content=\"index, follow, max-snippet:-1, max-image-preview:large, max-video-preview:-1\" \/>\n<link rel=\"canonical\" href=\"https:\/\/giemza.ch\/index.php\/szkolenia-indywidualne-i-grupowe\/\" \/>\n<meta property=\"og:locale\" content=\"pl_PL\" \/>\n<meta property=\"og:type\" content=\"article\" \/>\n<meta property=\"og:title\" content=\"Szkolenia indywidualne i grupowe - Jakub Jan Giemza\" \/>\n<meta property=\"og:description\" content=\"Zapewniam atrakcyjne szkolenia otwarte i zamkni\u0119te. Posiadam w swojej ofercie gotowe produkty szkoleniowe jak r\u00f3wnie\u017c tworz\u0119 szkolenia oraz warsztaty dopasowane do potrzeb Klienta, kt\u00f3re poprzedzone s\u0105 analiz\u0105 kompetencji i potrzeb zespo\u0142u.\u00a0 Przyk\u0142adowe produkty szkoleniowe: &nbsp;\u201eMarketing i Public Relations us\u0142ug profesjonalnych\u201d \u201eZarz\u0105dzanie kontaktami z Klientami\u201d \u201eTechniki efektywnego rekrutowania i wdra\u017cania pracownik\u00f3w\u201d \u201eSavoir-Vivre i dyplomacja w biznesie\u201d &hellip; Czytaj dalej Szkolenia indywidualne i grupowe\" \/>\n<meta property=\"og:url\" content=\"https:\/\/giemza.ch\/index.php\/szkolenia-indywidualne-i-grupowe\/\" \/>\n<meta property=\"og:site_name\" content=\"Jakub Jan Giemza\" \/>\n<meta property=\"article:modified_time\" content=\"2020-08-12T16:01:21+00:00\" \/>\n<meta property=\"og:image\" content=\"http:\/\/giemza.ch\/wp-content\/uploads\/2020\/08\/szkolenia-1024x427.jpg\" \/>\n<meta name=\"twitter:card\" content=\"summary_large_image\" \/>\n<meta name=\"twitter:label1\" content=\"Szacowany czas czytania\" \/>\n\t<meta name=\"twitter:data1\" content=\"1 minuta\" \/>\n<script type=\"application\/ld+json\" class=\"yoast-schema-graph\">{\"@context\":\"https:\/\/schema.org\",\"@graph\":[{\"@type\":\"Organization\",\"@id\":\"https:\/\/giemza.ch\/#organization\",\"name\":\"Jakub Jan Giemza\",\"url\":\"https:\/\/giemza.ch\/\",\"sameAs\":[],\"logo\":{\"@type\":\"ImageObject\",\"inLanguage\":\"pl-PL\",\"@id\":\"https:\/\/giemza.ch\/#\/schema\/logo\/image\/\",\"url\":\"https:\/\/giemza.ch\/wp-content\/uploads\/2026\/01\/cropped-cropped-ChatGPT-Image-5-sty-2026-o-03_50_08-2.png\",\"contentUrl\":\"https:\/\/giemza.ch\/wp-content\/uploads\/2026\/01\/cropped-cropped-ChatGPT-Image-5-sty-2026-o-03_50_08-2.png\",\"width\":250,\"height\":250,\"caption\":\"Jakub Jan Giemza\"},\"image\":{\"@id\":\"https:\/\/giemza.ch\/#\/schema\/logo\/image\/\"}},{\"@type\":\"WebSite\",\"@id\":\"https:\/\/giemza.ch\/#website\",\"url\":\"https:\/\/giemza.ch\/\",\"name\":\"Jakub Jan Giemza\",\"description\":\"PSYCHOLOGIA - PSYCHIATRIA - RODZINA &amp; BUSINESS\",\"publisher\":{\"@id\":\"https:\/\/giemza.ch\/#organization\"},\"potentialAction\":[{\"@type\":\"SearchAction\",\"target\":{\"@type\":\"EntryPoint\",\"urlTemplate\":\"https:\/\/giemza.ch\/?s={search_term_string}\"},\"query-input\":\"required name=search_term_string\"}],\"inLanguage\":\"pl-PL\"},{\"@type\":\"WebPage\",\"@id\":\"https:\/\/giemza.ch\/index.php\/szkolenia-indywidualne-i-grupowe\/\",\"url\":\"https:\/\/giemza.ch\/index.php\/szkolenia-indywidualne-i-grupowe\/\",\"name\":\"Szkolenia indywidualne i grupowe - Jakub Jan Giemza\",\"isPartOf\":{\"@id\":\"https:\/\/giemza.ch\/#website\"},\"datePublished\":\"2020-08-12T12:06:45+00:00\",\"dateModified\":\"2020-08-12T16:01:21+00:00\",\"breadcrumb\":{\"@id\":\"https:\/\/giemza.ch\/index.php\/szkolenia-indywidualne-i-grupowe\/#breadcrumb\"},\"inLanguage\":\"pl-PL\",\"potentialAction\":[{\"@type\":\"ReadAction\",\"target\":[\"https:\/\/giemza.ch\/index.php\/szkolenia-indywidualne-i-grupowe\/\"]}]},{\"@type\":\"BreadcrumbList\",\"@id\":\"https:\/\/giemza.ch\/index.php\/szkolenia-indywidualne-i-grupowe\/#breadcrumb\",\"itemListElement\":[{\"@type\":\"ListItem\",\"position\":1,\"name\":\"Strona g\u0142\u00f3wna\",\"item\":\"https:\/\/giemza.ch\/\"},{\"@type\":\"ListItem\",\"position\":2,\"name\":\"Szkolenia indywidualne i grupowe\"}]}]}<\/script>\n<!-- \/ Yoast SEO plugin. -->","yoast_head_json":{"title":"Szkolenia indywidualne i grupowe - Jakub Jan Giemza","robots":{"index":"index","follow":"follow","max-snippet":"max-snippet:-1","max-image-preview":"max-image-preview:large","max-video-preview":"max-video-preview:-1"},"canonical":"https:\/\/giemza.ch\/index.php\/szkolenia-indywidualne-i-grupowe\/","og_locale":"pl_PL","og_type":"article","og_title":"Szkolenia indywidualne i grupowe - Jakub Jan Giemza","og_description":"Zapewniam atrakcyjne szkolenia otwarte i zamkni\u0119te. Posiadam w swojej ofercie gotowe produkty szkoleniowe jak r\u00f3wnie\u017c tworz\u0119 szkolenia oraz warsztaty dopasowane do potrzeb Klienta, kt\u00f3re poprzedzone s\u0105 analiz\u0105 kompetencji i potrzeb zespo\u0142u.\u00a0 Przyk\u0142adowe produkty szkoleniowe: &nbsp;\u201eMarketing i Public Relations us\u0142ug profesjonalnych\u201d \u201eZarz\u0105dzanie kontaktami z Klientami\u201d \u201eTechniki efektywnego rekrutowania i wdra\u017cania pracownik\u00f3w\u201d \u201eSavoir-Vivre i dyplomacja w biznesie\u201d &hellip; Czytaj dalej Szkolenia indywidualne i grupowe","og_url":"https:\/\/giemza.ch\/index.php\/szkolenia-indywidualne-i-grupowe\/","og_site_name":"Jakub Jan Giemza","article_modified_time":"2020-08-12T16:01:21+00:00","og_image":[{"url":"http:\/\/giemza.ch\/wp-content\/uploads\/2020\/08\/szkolenia-1024x427.jpg"}],"twitter_card":"summary_large_image","twitter_misc":{"Szacowany czas czytania":"1 minuta"},"schema":{"@context":"https:\/\/schema.org","@graph":[{"@type":"Organization","@id":"https:\/\/giemza.ch\/#organization","name":"Jakub Jan Giemza","url":"https:\/\/giemza.ch\/","sameAs":[],"logo":{"@type":"ImageObject","inLanguage":"pl-PL","@id":"https:\/\/giemza.ch\/#\/schema\/logo\/image\/","url":"https:\/\/giemza.ch\/wp-content\/uploads\/2026\/01\/cropped-cropped-ChatGPT-Image-5-sty-2026-o-03_50_08-2.png","contentUrl":"https:\/\/giemza.ch\/wp-content\/uploads\/2026\/01\/cropped-cropped-ChatGPT-Image-5-sty-2026-o-03_50_08-2.png","width":250,"height":250,"caption":"Jakub Jan Giemza"},"image":{"@id":"https:\/\/giemza.ch\/#\/schema\/logo\/image\/"}},{"@type":"WebSite","@id":"https:\/\/giemza.ch\/#website","url":"https:\/\/giemza.ch\/","name":"Jakub Jan Giemza","description":"PSYCHOLOGIA - PSYCHIATRIA - RODZINA &amp; BUSINESS","publisher":{"@id":"https:\/\/giemza.ch\/#organization"},"potentialAction":[{"@type":"SearchAction","target":{"@type":"EntryPoint","urlTemplate":"https:\/\/giemza.ch\/?s={search_term_string}"},"query-input":"required name=search_term_string"}],"inLanguage":"pl-PL"},{"@type":"WebPage","@id":"https:\/\/giemza.ch\/index.php\/szkolenia-indywidualne-i-grupowe\/","url":"https:\/\/giemza.ch\/index.php\/szkolenia-indywidualne-i-grupowe\/","name":"Szkolenia indywidualne i grupowe - Jakub Jan Giemza","isPartOf":{"@id":"https:\/\/giemza.ch\/#website"},"datePublished":"2020-08-12T12:06:45+00:00","dateModified":"2020-08-12T16:01:21+00:00","breadcrumb":{"@id":"https:\/\/giemza.ch\/index.php\/szkolenia-indywidualne-i-grupowe\/#breadcrumb"},"inLanguage":"pl-PL","potentialAction":[{"@type":"ReadAction","target":["https:\/\/giemza.ch\/index.php\/szkolenia-indywidualne-i-grupowe\/"]}]},{"@type":"BreadcrumbList","@id":"https:\/\/giemza.ch\/index.php\/szkolenia-indywidualne-i-grupowe\/#breadcrumb","itemListElement":[{"@type":"ListItem","position":1,"name":"Strona g\u0142\u00f3wna","item":"https:\/\/giemza.ch\/"},{"@type":"ListItem","position":2,"name":"Szkolenia indywidualne i grupowe"}]}]}},"_links":{"self":[{"href":"https:\/\/giemza.ch\/index.php\/wp-json\/wp\/v2\/pages\/156"}],"collection":[{"href":"https:\/\/giemza.ch\/index.php\/wp-json\/wp\/v2\/pages"}],"about":[{"href":"https:\/\/giemza.ch\/index.php\/wp-json\/wp\/v2\/types\/page"}],"author":[{"embeddable":true,"href":"https:\/\/giemza.ch\/index.php\/wp-json\/wp\/v2\/users\/1"}],"replies":[{"embeddable":true,"href":"https:\/\/giemza.ch\/index.php\/wp-json\/wp\/v2\/comments?post=156"}],"version-history":[{"count":3,"href":"https:\/\/giemza.ch\/index.php\/wp-json\/wp\/v2\/pages\/156\/revisions"}],"predecessor-version":[{"id":206,"href":"https:\/\/giemza.ch\/index.php\/wp-json\/wp\/v2\/pages\/156\/revisions\/206"}],"wp:attachment":[{"href":"https:\/\/giemza.ch\/index.php\/wp-json\/wp\/v2\/media?parent=156"}],"curies":[{"name":"wp","href":"https:\/\/api.w.org\/{rel}","templated":true}]}}