{"id":144,"date":"2020-08-12T13:54:10","date_gmt":"2020-08-12T11:54:10","guid":{"rendered":"http:\/\/giemza.ch\/?page_id=144"},"modified":"2020-08-12T19:30:18","modified_gmt":"2020-08-12T17:30:18","slug":"indywidualna-analiza-zarzadu","status":"publish","type":"page","link":"https:\/\/giemza.ch\/index.php\/indywidualna-analiza-zarzadu\/","title":{"rendered":"Indywidualna analiza zarz\u0105du"},"content":{"rendered":"\n<figure class=\"wp-block-image size-large\"><img loading=\"lazy\" width=\"1024\" height=\"683\" src=\"http:\/\/giemza.ch\/wp-content\/uploads\/2020\/08\/analiz-zarzadu-1024x683.jpg\" alt=\"\" class=\"wp-image-173\" srcset=\"https:\/\/giemza.ch\/wp-content\/uploads\/2020\/08\/analiz-zarzadu-1024x683.jpg 1024w, https:\/\/giemza.ch\/wp-content\/uploads\/2020\/08\/analiz-zarzadu-300x200.jpg 300w, https:\/\/giemza.ch\/wp-content\/uploads\/2020\/08\/analiz-zarzadu-768x512.jpg 768w, https:\/\/giemza.ch\/wp-content\/uploads\/2020\/08\/analiz-zarzadu-1536x1024.jpg 1536w, https:\/\/giemza.ch\/wp-content\/uploads\/2020\/08\/analiz-zarzadu.jpg 1920w\" sizes=\"(max-width: 767px) 89vw, (max-width: 1000px) 54vw, (max-width: 1071px) 543px, 580px\" \/><\/figure>\n\n\n\n<p>Oferta obejmuje konsultacje psychologiczne na trzech poziomach:<br><strong>Poziom I<\/strong><img src=\"blob:http:\/\/giemza.ch\/2612e78e-a410-4bcd-ae0e-4e6072f71bd5\" alt=\"pastedGraphic.png\"><br>Obejmuje wskaz\u00f3wki dotycz\u0105ce indywidualnego doskonalenia umiej\u0119tno\u015bci zawodowych Klienta, definiowania p\u00f3l wymagaj\u0105cych poprawy. Analiza opiera si\u0119 na obserwacji Klienta podczas analizy, okre\u015bleniu kompetencji oraz wywiadzie indywidualnym.<br><\/p>\n\n\n\n<p><strong>Poziom II<\/strong><br>Obejmuje analiz\u0119 przyczyn trudno\u015bci wyst\u0119puj\u0105cych w pracy (w obszarach relacji biznesowych oraz umiej\u0119tno\u015bci osobistych) i okre\u015blenie dalszych kierunk\u00f3w pracy, metod przezwyci\u0119\u017cania pojawiaj\u0105cych si\u0119 trudno\u015bci, opieraj\u0105cy si\u0119 opr\u00f3cz szczeg\u00f3\u0142owego wywiadu z\u00a0Klientem, dzia\u0142aniach zadaniowych a tak\u017ce na wynikach wybranych test\u00f3w psychologicznych (badanie osobowo\u015bci, kompetencji spo\u0142ecznych, poczucia kontroli, strategii radzenia sobie ze stresem, itp.).<\/p>\n\n\n\n<p><strong>Poziom III<\/strong><br>Obejmuje indywidualne, kompleksowe konsultacje dotycz\u0105ce dalszego rozwoju swojego potencja\u0142u wraz z analiz\u0105 sytuacji obecnej, opieraj\u0105ce si\u0119 na baterii test\u00f3w z\u00a0zakresu badania warto\u015bci, postaw, preferencji, kompetencji zawodowych i umiej\u0119tno\u015bci osobistych.<\/p>\n","protected":false},"excerpt":{"rendered":"<p>Oferta obejmuje konsultacje psychologiczne na trzech poziomach:Poziom IObejmuje wskaz\u00f3wki dotycz\u0105ce indywidualnego doskonalenia umiej\u0119tno\u015bci zawodowych Klienta, definiowania p\u00f3l wymagaj\u0105cych poprawy. Analiza opiera si\u0119 na obserwacji Klienta podczas analizy, okre\u015bleniu kompetencji oraz wywiadzie indywidualnym. Poziom IIObejmuje analiz\u0119 przyczyn trudno\u015bci wyst\u0119puj\u0105cych w pracy (w obszarach relacji biznesowych oraz umiej\u0119tno\u015bci osobistych) i okre\u015blenie dalszych kierunk\u00f3w pracy, metod przezwyci\u0119\u017cania pojawiaj\u0105cych &hellip; <\/p>\n<p class=\"link-more\"><a href=\"https:\/\/giemza.ch\/index.php\/indywidualna-analiza-zarzadu\/\" class=\"more-link\">Czytaj dalej<span class=\"screen-reader-text\"> Indywidualna analiza zarz\u0105du<\/span><\/a><\/p>\n","protected":false},"author":1,"featured_media":0,"parent":0,"menu_order":0,"comment_status":"closed","ping_status":"closed","template":"","meta":[],"yoast_head":"<!-- This site is optimized with the Yoast SEO plugin v19.4 - https:\/\/yoast.com\/wordpress\/plugins\/seo\/ -->\n<title>Indywidualna analiza zarz\u0105du - Jakub Jan Giemza<\/title>\n<meta name=\"robots\" content=\"index, follow, max-snippet:-1, max-image-preview:large, max-video-preview:-1\" \/>\n<link rel=\"canonical\" href=\"https:\/\/giemza.ch\/index.php\/indywidualna-analiza-zarzadu\/\" \/>\n<meta property=\"og:locale\" content=\"pl_PL\" \/>\n<meta property=\"og:type\" content=\"article\" \/>\n<meta property=\"og:title\" content=\"Indywidualna analiza zarz\u0105du - Jakub Jan Giemza\" \/>\n<meta property=\"og:description\" content=\"Oferta obejmuje konsultacje psychologiczne na trzech poziomach:Poziom IObejmuje wskaz\u00f3wki dotycz\u0105ce indywidualnego doskonalenia umiej\u0119tno\u015bci zawodowych Klienta, definiowania p\u00f3l wymagaj\u0105cych poprawy. Analiza opiera si\u0119 na obserwacji Klienta podczas analizy, okre\u015bleniu kompetencji oraz wywiadzie indywidualnym. Poziom IIObejmuje analiz\u0119 przyczyn trudno\u015bci wyst\u0119puj\u0105cych w pracy (w obszarach relacji biznesowych oraz umiej\u0119tno\u015bci osobistych) i okre\u015blenie dalszych kierunk\u00f3w pracy, metod przezwyci\u0119\u017cania pojawiaj\u0105cych &hellip; Czytaj dalej Indywidualna analiza zarz\u0105du\" \/>\n<meta property=\"og:url\" content=\"https:\/\/giemza.ch\/index.php\/indywidualna-analiza-zarzadu\/\" \/>\n<meta property=\"og:site_name\" content=\"Jakub Jan Giemza\" \/>\n<meta property=\"article:modified_time\" content=\"2020-08-12T17:30:18+00:00\" \/>\n<meta property=\"og:image\" content=\"http:\/\/giemza.ch\/wp-content\/uploads\/2020\/08\/analiz-zarzadu-1024x683.jpg\" \/>\n<meta name=\"twitter:card\" content=\"summary_large_image\" \/>\n<meta name=\"twitter:label1\" content=\"Szacowany czas czytania\" \/>\n\t<meta name=\"twitter:data1\" content=\"1 minuta\" \/>\n<script type=\"application\/ld+json\" class=\"yoast-schema-graph\">{\"@context\":\"https:\/\/schema.org\",\"@graph\":[{\"@type\":\"Organization\",\"@id\":\"https:\/\/giemza.ch\/#organization\",\"name\":\"Jakub Jan Giemza\",\"url\":\"https:\/\/giemza.ch\/\",\"sameAs\":[],\"logo\":{\"@type\":\"ImageObject\",\"inLanguage\":\"pl-PL\",\"@id\":\"https:\/\/giemza.ch\/#\/schema\/logo\/image\/\",\"url\":\"https:\/\/giemza.ch\/wp-content\/uploads\/2026\/01\/cropped-cropped-ChatGPT-Image-5-sty-2026-o-03_50_08-2.png\",\"contentUrl\":\"https:\/\/giemza.ch\/wp-content\/uploads\/2026\/01\/cropped-cropped-ChatGPT-Image-5-sty-2026-o-03_50_08-2.png\",\"width\":250,\"height\":250,\"caption\":\"Jakub Jan Giemza\"},\"image\":{\"@id\":\"https:\/\/giemza.ch\/#\/schema\/logo\/image\/\"}},{\"@type\":\"WebSite\",\"@id\":\"https:\/\/giemza.ch\/#website\",\"url\":\"https:\/\/giemza.ch\/\",\"name\":\"Jakub Jan Giemza\",\"description\":\"PSYCHOLOGIA - PSYCHIATRIA - RODZINA &amp; BUSINESS\",\"publisher\":{\"@id\":\"https:\/\/giemza.ch\/#organization\"},\"potentialAction\":[{\"@type\":\"SearchAction\",\"target\":{\"@type\":\"EntryPoint\",\"urlTemplate\":\"https:\/\/giemza.ch\/?s={search_term_string}\"},\"query-input\":\"required name=search_term_string\"}],\"inLanguage\":\"pl-PL\"},{\"@type\":\"WebPage\",\"@id\":\"https:\/\/giemza.ch\/index.php\/indywidualna-analiza-zarzadu\/\",\"url\":\"https:\/\/giemza.ch\/index.php\/indywidualna-analiza-zarzadu\/\",\"name\":\"Indywidualna analiza zarz\u0105du - Jakub Jan Giemza\",\"isPartOf\":{\"@id\":\"https:\/\/giemza.ch\/#website\"},\"datePublished\":\"2020-08-12T11:54:10+00:00\",\"dateModified\":\"2020-08-12T17:30:18+00:00\",\"breadcrumb\":{\"@id\":\"https:\/\/giemza.ch\/index.php\/indywidualna-analiza-zarzadu\/#breadcrumb\"},\"inLanguage\":\"pl-PL\",\"potentialAction\":[{\"@type\":\"ReadAction\",\"target\":[\"https:\/\/giemza.ch\/index.php\/indywidualna-analiza-zarzadu\/\"]}]},{\"@type\":\"BreadcrumbList\",\"@id\":\"https:\/\/giemza.ch\/index.php\/indywidualna-analiza-zarzadu\/#breadcrumb\",\"itemListElement\":[{\"@type\":\"ListItem\",\"position\":1,\"name\":\"Strona g\u0142\u00f3wna\",\"item\":\"https:\/\/giemza.ch\/\"},{\"@type\":\"ListItem\",\"position\":2,\"name\":\"Indywidualna analiza zarz\u0105du\"}]}]}<\/script>\n<!-- \/ Yoast SEO plugin. -->","yoast_head_json":{"title":"Indywidualna analiza zarz\u0105du - Jakub Jan Giemza","robots":{"index":"index","follow":"follow","max-snippet":"max-snippet:-1","max-image-preview":"max-image-preview:large","max-video-preview":"max-video-preview:-1"},"canonical":"https:\/\/giemza.ch\/index.php\/indywidualna-analiza-zarzadu\/","og_locale":"pl_PL","og_type":"article","og_title":"Indywidualna analiza zarz\u0105du - Jakub Jan Giemza","og_description":"Oferta obejmuje konsultacje psychologiczne na trzech poziomach:Poziom IObejmuje wskaz\u00f3wki dotycz\u0105ce indywidualnego doskonalenia umiej\u0119tno\u015bci zawodowych Klienta, definiowania p\u00f3l wymagaj\u0105cych poprawy. Analiza opiera si\u0119 na obserwacji Klienta podczas analizy, okre\u015bleniu kompetencji oraz wywiadzie indywidualnym. Poziom IIObejmuje analiz\u0119 przyczyn trudno\u015bci wyst\u0119puj\u0105cych w pracy (w obszarach relacji biznesowych oraz umiej\u0119tno\u015bci osobistych) i okre\u015blenie dalszych kierunk\u00f3w pracy, metod przezwyci\u0119\u017cania pojawiaj\u0105cych &hellip; Czytaj dalej Indywidualna analiza zarz\u0105du","og_url":"https:\/\/giemza.ch\/index.php\/indywidualna-analiza-zarzadu\/","og_site_name":"Jakub Jan Giemza","article_modified_time":"2020-08-12T17:30:18+00:00","og_image":[{"url":"http:\/\/giemza.ch\/wp-content\/uploads\/2020\/08\/analiz-zarzadu-1024x683.jpg"}],"twitter_card":"summary_large_image","twitter_misc":{"Szacowany czas czytania":"1 minuta"},"schema":{"@context":"https:\/\/schema.org","@graph":[{"@type":"Organization","@id":"https:\/\/giemza.ch\/#organization","name":"Jakub Jan Giemza","url":"https:\/\/giemza.ch\/","sameAs":[],"logo":{"@type":"ImageObject","inLanguage":"pl-PL","@id":"https:\/\/giemza.ch\/#\/schema\/logo\/image\/","url":"https:\/\/giemza.ch\/wp-content\/uploads\/2026\/01\/cropped-cropped-ChatGPT-Image-5-sty-2026-o-03_50_08-2.png","contentUrl":"https:\/\/giemza.ch\/wp-content\/uploads\/2026\/01\/cropped-cropped-ChatGPT-Image-5-sty-2026-o-03_50_08-2.png","width":250,"height":250,"caption":"Jakub Jan Giemza"},"image":{"@id":"https:\/\/giemza.ch\/#\/schema\/logo\/image\/"}},{"@type":"WebSite","@id":"https:\/\/giemza.ch\/#website","url":"https:\/\/giemza.ch\/","name":"Jakub Jan Giemza","description":"PSYCHOLOGIA - PSYCHIATRIA - RODZINA &amp; BUSINESS","publisher":{"@id":"https:\/\/giemza.ch\/#organization"},"potentialAction":[{"@type":"SearchAction","target":{"@type":"EntryPoint","urlTemplate":"https:\/\/giemza.ch\/?s={search_term_string}"},"query-input":"required name=search_term_string"}],"inLanguage":"pl-PL"},{"@type":"WebPage","@id":"https:\/\/giemza.ch\/index.php\/indywidualna-analiza-zarzadu\/","url":"https:\/\/giemza.ch\/index.php\/indywidualna-analiza-zarzadu\/","name":"Indywidualna analiza zarz\u0105du - Jakub Jan Giemza","isPartOf":{"@id":"https:\/\/giemza.ch\/#website"},"datePublished":"2020-08-12T11:54:10+00:00","dateModified":"2020-08-12T17:30:18+00:00","breadcrumb":{"@id":"https:\/\/giemza.ch\/index.php\/indywidualna-analiza-zarzadu\/#breadcrumb"},"inLanguage":"pl-PL","potentialAction":[{"@type":"ReadAction","target":["https:\/\/giemza.ch\/index.php\/indywidualna-analiza-zarzadu\/"]}]},{"@type":"BreadcrumbList","@id":"https:\/\/giemza.ch\/index.php\/indywidualna-analiza-zarzadu\/#breadcrumb","itemListElement":[{"@type":"ListItem","position":1,"name":"Strona g\u0142\u00f3wna","item":"https:\/\/giemza.ch\/"},{"@type":"ListItem","position":2,"name":"Indywidualna analiza zarz\u0105du"}]}]}},"_links":{"self":[{"href":"https:\/\/giemza.ch\/index.php\/wp-json\/wp\/v2\/pages\/144"}],"collection":[{"href":"https:\/\/giemza.ch\/index.php\/wp-json\/wp\/v2\/pages"}],"about":[{"href":"https:\/\/giemza.ch\/index.php\/wp-json\/wp\/v2\/types\/page"}],"author":[{"embeddable":true,"href":"https:\/\/giemza.ch\/index.php\/wp-json\/wp\/v2\/users\/1"}],"replies":[{"embeddable":true,"href":"https:\/\/giemza.ch\/index.php\/wp-json\/wp\/v2\/comments?post=144"}],"version-history":[{"count":5,"href":"https:\/\/giemza.ch\/index.php\/wp-json\/wp\/v2\/pages\/144\/revisions"}],"predecessor-version":[{"id":209,"href":"https:\/\/giemza.ch\/index.php\/wp-json\/wp\/v2\/pages\/144\/revisions\/209"}],"wp:attachment":[{"href":"https:\/\/giemza.ch\/index.php\/wp-json\/wp\/v2\/media?parent=144"}],"curies":[{"name":"wp","href":"https:\/\/api.w.org\/{rel}","templated":true}]}}