{"id":130,"date":"2020-08-12T13:18:01","date_gmt":"2020-08-12T11:18:01","guid":{"rendered":"http:\/\/giemza.ch\/?page_id=130"},"modified":"2020-08-17T20:31:26","modified_gmt":"2020-08-17T18:31:26","slug":"psychologia","status":"publish","type":"page","link":"https:\/\/giemza.ch\/index.php\/psychologia\/","title":{"rendered":"Psychologia"},"content":{"rendered":"\n<figure class=\"wp-block-image size-large is-resized\"><img loading=\"lazy\" src=\"http:\/\/giemza.ch\/wp-content\/uploads\/2020\/08\/psychologia-1024x683.jpg\" alt=\"\" class=\"wp-image-187\" width=\"588\" height=\"392\" srcset=\"https:\/\/giemza.ch\/wp-content\/uploads\/2020\/08\/psychologia-1024x683.jpg 1024w, https:\/\/giemza.ch\/wp-content\/uploads\/2020\/08\/psychologia-300x200.jpg 300w, https:\/\/giemza.ch\/wp-content\/uploads\/2020\/08\/psychologia-768x512.jpg 768w, https:\/\/giemza.ch\/wp-content\/uploads\/2020\/08\/psychologia-1536x1024.jpg 1536w, https:\/\/giemza.ch\/wp-content\/uploads\/2020\/08\/psychologia.jpg 1920w\" sizes=\"(max-width: 588px) 100vw, 588px\" \/><\/figure>\n\n\n\n<p>To moja pasja i praca daj\u0105ca satysfakcj\u0119, w ramach kt\u00f3rej oferuj\u0119:<\/p>\n\n\n\n<p><a href=\"http:\/\/giemza.ch\/index.php\/konsultacje-psychologiczne\/\" target=\"_blank\" rel=\"noreferrer noopener\">Konsultacje psychologiczne<\/a><\/p>\n\n\n\n<p><a href=\"http:\/\/giemza.ch\/index.php\/psychoterapia\/\" target=\"_blank\" rel=\"noreferrer noopener\">Psychoterapi\u0119<\/a><\/p>\n\n\n\n<p><a href=\"http:\/\/giemza.ch\/index.php\/terapia-par\/\" target=\"_blank\" rel=\"noreferrer noopener\">Terapi\u0119 par<\/a><\/p>\n\n\n\n<p><a href=\"http:\/\/giemza.ch\/index.php\/interwencja-kryzysowa\/\" target=\"_blank\" rel=\"noreferrer noopener\">Interwencj\u0119 kryzysow\u0105<\/a><\/p>\n\n\n\n<p><a href=\"http:\/\/giemza.ch\/index.php\/wypalenie-zawodowe\/\" target=\"_blank\" rel=\"noreferrer noopener\">Prac\u0119 nad wypaleniem zawodowym<\/a><\/p>\n\n\n\n<p><a href=\"http:\/\/giemza.ch\/index.php\/psychometria\/\" target=\"_blank\" rel=\"noreferrer noopener\">Psychometri\u0119<\/a><\/p>\n\n\n\n<p><a href=\"http:\/\/giemza.ch\/index.php\/zasady-wspolpracy\/\" target=\"_blank\" rel=\"noreferrer noopener\">Zach\u0119cam do zapoznania si\u0119 z zasadami wsp\u00f3\u0142pracy<\/a><\/p>\n","protected":false},"excerpt":{"rendered":"<p>To moja pasja i praca daj\u0105ca satysfakcj\u0119, w ramach kt\u00f3rej oferuj\u0119: Konsultacje psychologiczne Psychoterapi\u0119 Terapi\u0119 par Interwencj\u0119 kryzysow\u0105 Prac\u0119 nad wypaleniem zawodowym Psychometri\u0119 Zach\u0119cam do zapoznania si\u0119 z zasadami wsp\u00f3\u0142pracy<\/p>\n","protected":false},"author":1,"featured_media":0,"parent":0,"menu_order":0,"comment_status":"closed","ping_status":"closed","template":"","meta":[],"yoast_head":"<!-- This site is optimized with the Yoast SEO plugin v19.4 - https:\/\/yoast.com\/wordpress\/plugins\/seo\/ -->\n<title>Psychologia - Jakub Jan Giemza<\/title>\n<meta name=\"robots\" content=\"index, follow, max-snippet:-1, max-image-preview:large, max-video-preview:-1\" \/>\n<link rel=\"canonical\" href=\"https:\/\/giemza.ch\/index.php\/psychologia\/\" \/>\n<meta property=\"og:locale\" content=\"pl_PL\" \/>\n<meta property=\"og:type\" content=\"article\" \/>\n<meta property=\"og:title\" content=\"Psychologia - Jakub Jan Giemza\" \/>\n<meta property=\"og:description\" content=\"To moja pasja i praca daj\u0105ca satysfakcj\u0119, w ramach kt\u00f3rej oferuj\u0119: Konsultacje psychologiczne Psychoterapi\u0119 Terapi\u0119 par Interwencj\u0119 kryzysow\u0105 Prac\u0119 nad wypaleniem zawodowym Psychometri\u0119 Zach\u0119cam do zapoznania si\u0119 z zasadami wsp\u00f3\u0142pracy\" \/>\n<meta property=\"og:url\" content=\"https:\/\/giemza.ch\/index.php\/psychologia\/\" \/>\n<meta property=\"og:site_name\" content=\"Jakub Jan Giemza\" \/>\n<meta property=\"article:modified_time\" content=\"2020-08-17T18:31:26+00:00\" \/>\n<meta property=\"og:image\" content=\"http:\/\/giemza.ch\/wp-content\/uploads\/2020\/08\/psychologia-1024x683.jpg\" \/>\n<meta name=\"twitter:card\" content=\"summary_large_image\" \/>\n<script type=\"application\/ld+json\" class=\"yoast-schema-graph\">{\"@context\":\"https:\/\/schema.org\",\"@graph\":[{\"@type\":\"Organization\",\"@id\":\"https:\/\/giemza.ch\/#organization\",\"name\":\"Jakub Jan Giemza\",\"url\":\"https:\/\/giemza.ch\/\",\"sameAs\":[],\"logo\":{\"@type\":\"ImageObject\",\"inLanguage\":\"pl-PL\",\"@id\":\"https:\/\/giemza.ch\/#\/schema\/logo\/image\/\",\"url\":\"https:\/\/giemza.ch\/wp-content\/uploads\/2026\/01\/cropped-cropped-ChatGPT-Image-5-sty-2026-o-03_50_08-2.png\",\"contentUrl\":\"https:\/\/giemza.ch\/wp-content\/uploads\/2026\/01\/cropped-cropped-ChatGPT-Image-5-sty-2026-o-03_50_08-2.png\",\"width\":250,\"height\":250,\"caption\":\"Jakub Jan Giemza\"},\"image\":{\"@id\":\"https:\/\/giemza.ch\/#\/schema\/logo\/image\/\"}},{\"@type\":\"WebSite\",\"@id\":\"https:\/\/giemza.ch\/#website\",\"url\":\"https:\/\/giemza.ch\/\",\"name\":\"Jakub Jan Giemza\",\"description\":\"PSYCHOLOGIA - PSYCHIATRIA - RODZINA &amp; BUSINESS\",\"publisher\":{\"@id\":\"https:\/\/giemza.ch\/#organization\"},\"potentialAction\":[{\"@type\":\"SearchAction\",\"target\":{\"@type\":\"EntryPoint\",\"urlTemplate\":\"https:\/\/giemza.ch\/?s={search_term_string}\"},\"query-input\":\"required name=search_term_string\"}],\"inLanguage\":\"pl-PL\"},{\"@type\":\"WebPage\",\"@id\":\"https:\/\/giemza.ch\/index.php\/psychologia\/\",\"url\":\"https:\/\/giemza.ch\/index.php\/psychologia\/\",\"name\":\"Psychologia - Jakub Jan Giemza\",\"isPartOf\":{\"@id\":\"https:\/\/giemza.ch\/#website\"},\"datePublished\":\"2020-08-12T11:18:01+00:00\",\"dateModified\":\"2020-08-17T18:31:26+00:00\",\"breadcrumb\":{\"@id\":\"https:\/\/giemza.ch\/index.php\/psychologia\/#breadcrumb\"},\"inLanguage\":\"pl-PL\",\"potentialAction\":[{\"@type\":\"ReadAction\",\"target\":[\"https:\/\/giemza.ch\/index.php\/psychologia\/\"]}]},{\"@type\":\"BreadcrumbList\",\"@id\":\"https:\/\/giemza.ch\/index.php\/psychologia\/#breadcrumb\",\"itemListElement\":[{\"@type\":\"ListItem\",\"position\":1,\"name\":\"Strona g\u0142\u00f3wna\",\"item\":\"https:\/\/giemza.ch\/\"},{\"@type\":\"ListItem\",\"position\":2,\"name\":\"Psychologia\"}]}]}<\/script>\n<!-- \/ Yoast SEO plugin. -->","yoast_head_json":{"title":"Psychologia - Jakub Jan Giemza","robots":{"index":"index","follow":"follow","max-snippet":"max-snippet:-1","max-image-preview":"max-image-preview:large","max-video-preview":"max-video-preview:-1"},"canonical":"https:\/\/giemza.ch\/index.php\/psychologia\/","og_locale":"pl_PL","og_type":"article","og_title":"Psychologia - Jakub Jan Giemza","og_description":"To moja pasja i praca daj\u0105ca satysfakcj\u0119, w ramach kt\u00f3rej oferuj\u0119: Konsultacje psychologiczne Psychoterapi\u0119 Terapi\u0119 par Interwencj\u0119 kryzysow\u0105 Prac\u0119 nad wypaleniem zawodowym Psychometri\u0119 Zach\u0119cam do zapoznania si\u0119 z zasadami wsp\u00f3\u0142pracy","og_url":"https:\/\/giemza.ch\/index.php\/psychologia\/","og_site_name":"Jakub Jan Giemza","article_modified_time":"2020-08-17T18:31:26+00:00","og_image":[{"url":"http:\/\/giemza.ch\/wp-content\/uploads\/2020\/08\/psychologia-1024x683.jpg"}],"twitter_card":"summary_large_image","schema":{"@context":"https:\/\/schema.org","@graph":[{"@type":"Organization","@id":"https:\/\/giemza.ch\/#organization","name":"Jakub Jan Giemza","url":"https:\/\/giemza.ch\/","sameAs":[],"logo":{"@type":"ImageObject","inLanguage":"pl-PL","@id":"https:\/\/giemza.ch\/#\/schema\/logo\/image\/","url":"https:\/\/giemza.ch\/wp-content\/uploads\/2026\/01\/cropped-cropped-ChatGPT-Image-5-sty-2026-o-03_50_08-2.png","contentUrl":"https:\/\/giemza.ch\/wp-content\/uploads\/2026\/01\/cropped-cropped-ChatGPT-Image-5-sty-2026-o-03_50_08-2.png","width":250,"height":250,"caption":"Jakub Jan Giemza"},"image":{"@id":"https:\/\/giemza.ch\/#\/schema\/logo\/image\/"}},{"@type":"WebSite","@id":"https:\/\/giemza.ch\/#website","url":"https:\/\/giemza.ch\/","name":"Jakub Jan Giemza","description":"PSYCHOLOGIA - PSYCHIATRIA - RODZINA &amp; BUSINESS","publisher":{"@id":"https:\/\/giemza.ch\/#organization"},"potentialAction":[{"@type":"SearchAction","target":{"@type":"EntryPoint","urlTemplate":"https:\/\/giemza.ch\/?s={search_term_string}"},"query-input":"required name=search_term_string"}],"inLanguage":"pl-PL"},{"@type":"WebPage","@id":"https:\/\/giemza.ch\/index.php\/psychologia\/","url":"https:\/\/giemza.ch\/index.php\/psychologia\/","name":"Psychologia - Jakub Jan Giemza","isPartOf":{"@id":"https:\/\/giemza.ch\/#website"},"datePublished":"2020-08-12T11:18:01+00:00","dateModified":"2020-08-17T18:31:26+00:00","breadcrumb":{"@id":"https:\/\/giemza.ch\/index.php\/psychologia\/#breadcrumb"},"inLanguage":"pl-PL","potentialAction":[{"@type":"ReadAction","target":["https:\/\/giemza.ch\/index.php\/psychologia\/"]}]},{"@type":"BreadcrumbList","@id":"https:\/\/giemza.ch\/index.php\/psychologia\/#breadcrumb","itemListElement":[{"@type":"ListItem","position":1,"name":"Strona g\u0142\u00f3wna","item":"https:\/\/giemza.ch\/"},{"@type":"ListItem","position":2,"name":"Psychologia"}]}]}},"_links":{"self":[{"href":"https:\/\/giemza.ch\/index.php\/wp-json\/wp\/v2\/pages\/130"}],"collection":[{"href":"https:\/\/giemza.ch\/index.php\/wp-json\/wp\/v2\/pages"}],"about":[{"href":"https:\/\/giemza.ch\/index.php\/wp-json\/wp\/v2\/types\/page"}],"author":[{"embeddable":true,"href":"https:\/\/giemza.ch\/index.php\/wp-json\/wp\/v2\/users\/1"}],"replies":[{"embeddable":true,"href":"https:\/\/giemza.ch\/index.php\/wp-json\/wp\/v2\/comments?post=130"}],"version-history":[{"count":3,"href":"https:\/\/giemza.ch\/index.php\/wp-json\/wp\/v2\/pages\/130\/revisions"}],"predecessor-version":[{"id":268,"href":"https:\/\/giemza.ch\/index.php\/wp-json\/wp\/v2\/pages\/130\/revisions\/268"}],"wp:attachment":[{"href":"https:\/\/giemza.ch\/index.php\/wp-json\/wp\/v2\/media?parent=130"}],"curies":[{"name":"wp","href":"https:\/\/api.w.org\/{rel}","templated":true}]}}