{"id":115,"date":"2020-08-12T13:02:51","date_gmt":"2020-08-12T11:02:51","guid":{"rendered":"http:\/\/giemza.ch\/?page_id=115"},"modified":"2020-08-12T17:51:12","modified_gmt":"2020-08-12T15:51:12","slug":"psychometria","status":"publish","type":"page","link":"https:\/\/giemza.ch\/index.php\/psychometria\/","title":{"rendered":"Psychometria"},"content":{"rendered":"\n<figure class=\"wp-block-image size-large is-resized\"><img loading=\"lazy\" src=\"http:\/\/giemza.ch\/wp-content\/uploads\/2020\/08\/psychometria-1024x683.jpg\" alt=\"\" class=\"wp-image-196\" width=\"676\" height=\"450\" srcset=\"https:\/\/giemza.ch\/wp-content\/uploads\/2020\/08\/psychometria-1024x683.jpg 1024w, https:\/\/giemza.ch\/wp-content\/uploads\/2020\/08\/psychometria-300x200.jpg 300w, https:\/\/giemza.ch\/wp-content\/uploads\/2020\/08\/psychometria-768x512.jpg 768w, https:\/\/giemza.ch\/wp-content\/uploads\/2020\/08\/psychometria-1536x1024.jpg 1536w, https:\/\/giemza.ch\/wp-content\/uploads\/2020\/08\/psychometria.jpg 1920w\" sizes=\"(max-width: 676px) 100vw, 676px\" \/><\/figure>\n\n\n\n<p>Oferuj\u0119 Klientom pe\u0142n\u0105 gam\u0119 test\u00f3w psychologicznych standaryzowanych przez Polskie Towarzystwo Psychologiczne i Psychiatryczne, opracowa\u0144 specjalist\u00f3w polskich i zagranicznych stosowanych powszechnie w psychologii klinicznej jak i biznesu, a tak\u017ce w\u0142asnych narz\u0119dzi psychometrycznych b\u0119d\u0105cych efektem do\u015bwiadcze\u0144 zawodowych.<\/p>\n\n\n\n<p>W ofercie posiadam testy osobowo\u015bci, inteligencji, jako\u015bci \u017cycia, testy uzale\u017cnie\u0144 czy motywacji i postaw.<\/p>\n\n\n\n<p>Klient po wykonaniu bada\u0144 psychometrycznych otrzymuje ode mnie wyniki w postaci opracowania, opisuj\u0105cego w spos\u00f3b jasny i zrozumia\u0142y uzyskane wyniki. Dodatkowo Klient otrzymuje materia\u0142y informacyjne jakim narz\u0119dziem s\u0105 testy, kt\u00f3re wykona\u0142.<\/p>\n","protected":false},"excerpt":{"rendered":"<p>Oferuj\u0119 Klientom pe\u0142n\u0105 gam\u0119 test\u00f3w psychologicznych standaryzowanych przez Polskie Towarzystwo Psychologiczne i Psychiatryczne, opracowa\u0144 specjalist\u00f3w polskich i zagranicznych stosowanych powszechnie w psychologii klinicznej jak i biznesu, a tak\u017ce w\u0142asnych narz\u0119dzi psychometrycznych b\u0119d\u0105cych efektem do\u015bwiadcze\u0144 zawodowych. W ofercie posiadam testy osobowo\u015bci, inteligencji, jako\u015bci \u017cycia, testy uzale\u017cnie\u0144 czy motywacji i postaw. Klient po wykonaniu bada\u0144 psychometrycznych otrzymuje &hellip; <\/p>\n<p class=\"link-more\"><a href=\"https:\/\/giemza.ch\/index.php\/psychometria\/\" class=\"more-link\">Czytaj dalej<span class=\"screen-reader-text\"> Psychometria<\/span><\/a><\/p>\n","protected":false},"author":1,"featured_media":0,"parent":0,"menu_order":0,"comment_status":"closed","ping_status":"closed","template":"","meta":[],"yoast_head":"<!-- This site is optimized with the Yoast SEO plugin v19.4 - https:\/\/yoast.com\/wordpress\/plugins\/seo\/ -->\n<title>Psychometria - Jakub Jan Giemza<\/title>\n<meta name=\"robots\" content=\"index, follow, max-snippet:-1, max-image-preview:large, max-video-preview:-1\" \/>\n<link rel=\"canonical\" href=\"https:\/\/giemza.ch\/index.php\/psychometria\/\" \/>\n<meta property=\"og:locale\" content=\"pl_PL\" \/>\n<meta property=\"og:type\" content=\"article\" \/>\n<meta property=\"og:title\" content=\"Psychometria - Jakub Jan Giemza\" \/>\n<meta property=\"og:description\" content=\"Oferuj\u0119 Klientom pe\u0142n\u0105 gam\u0119 test\u00f3w psychologicznych standaryzowanych przez Polskie Towarzystwo Psychologiczne i Psychiatryczne, opracowa\u0144 specjalist\u00f3w polskich i zagranicznych stosowanych powszechnie w psychologii klinicznej jak i biznesu, a tak\u017ce w\u0142asnych narz\u0119dzi psychometrycznych b\u0119d\u0105cych efektem do\u015bwiadcze\u0144 zawodowych. W ofercie posiadam testy osobowo\u015bci, inteligencji, jako\u015bci \u017cycia, testy uzale\u017cnie\u0144 czy motywacji i postaw. Klient po wykonaniu bada\u0144 psychometrycznych otrzymuje &hellip; Czytaj dalej Psychometria\" \/>\n<meta property=\"og:url\" content=\"https:\/\/giemza.ch\/index.php\/psychometria\/\" \/>\n<meta property=\"og:site_name\" content=\"Jakub Jan Giemza\" \/>\n<meta property=\"article:modified_time\" content=\"2020-08-12T15:51:12+00:00\" \/>\n<meta property=\"og:image\" content=\"http:\/\/giemza.ch\/wp-content\/uploads\/2020\/08\/psychometria-1024x683.jpg\" \/>\n<meta name=\"twitter:card\" content=\"summary_large_image\" \/>\n<script type=\"application\/ld+json\" class=\"yoast-schema-graph\">{\"@context\":\"https:\/\/schema.org\",\"@graph\":[{\"@type\":\"Organization\",\"@id\":\"https:\/\/giemza.ch\/#organization\",\"name\":\"Jakub Jan Giemza\",\"url\":\"https:\/\/giemza.ch\/\",\"sameAs\":[],\"logo\":{\"@type\":\"ImageObject\",\"inLanguage\":\"pl-PL\",\"@id\":\"https:\/\/giemza.ch\/#\/schema\/logo\/image\/\",\"url\":\"https:\/\/giemza.ch\/wp-content\/uploads\/2026\/01\/cropped-cropped-ChatGPT-Image-5-sty-2026-o-03_50_08-2.png\",\"contentUrl\":\"https:\/\/giemza.ch\/wp-content\/uploads\/2026\/01\/cropped-cropped-ChatGPT-Image-5-sty-2026-o-03_50_08-2.png\",\"width\":250,\"height\":250,\"caption\":\"Jakub Jan Giemza\"},\"image\":{\"@id\":\"https:\/\/giemza.ch\/#\/schema\/logo\/image\/\"}},{\"@type\":\"WebSite\",\"@id\":\"https:\/\/giemza.ch\/#website\",\"url\":\"https:\/\/giemza.ch\/\",\"name\":\"Jakub Jan Giemza\",\"description\":\"PSYCHOLOGIA - PSYCHIATRIA - RODZINA &amp; BUSINESS\",\"publisher\":{\"@id\":\"https:\/\/giemza.ch\/#organization\"},\"potentialAction\":[{\"@type\":\"SearchAction\",\"target\":{\"@type\":\"EntryPoint\",\"urlTemplate\":\"https:\/\/giemza.ch\/?s={search_term_string}\"},\"query-input\":\"required name=search_term_string\"}],\"inLanguage\":\"pl-PL\"},{\"@type\":\"WebPage\",\"@id\":\"https:\/\/giemza.ch\/index.php\/psychometria\/\",\"url\":\"https:\/\/giemza.ch\/index.php\/psychometria\/\",\"name\":\"Psychometria - Jakub Jan Giemza\",\"isPartOf\":{\"@id\":\"https:\/\/giemza.ch\/#website\"},\"datePublished\":\"2020-08-12T11:02:51+00:00\",\"dateModified\":\"2020-08-12T15:51:12+00:00\",\"breadcrumb\":{\"@id\":\"https:\/\/giemza.ch\/index.php\/psychometria\/#breadcrumb\"},\"inLanguage\":\"pl-PL\",\"potentialAction\":[{\"@type\":\"ReadAction\",\"target\":[\"https:\/\/giemza.ch\/index.php\/psychometria\/\"]}]},{\"@type\":\"BreadcrumbList\",\"@id\":\"https:\/\/giemza.ch\/index.php\/psychometria\/#breadcrumb\",\"itemListElement\":[{\"@type\":\"ListItem\",\"position\":1,\"name\":\"Strona g\u0142\u00f3wna\",\"item\":\"https:\/\/giemza.ch\/\"},{\"@type\":\"ListItem\",\"position\":2,\"name\":\"Psychometria\"}]}]}<\/script>\n<!-- \/ Yoast SEO plugin. -->","yoast_head_json":{"title":"Psychometria - Jakub Jan Giemza","robots":{"index":"index","follow":"follow","max-snippet":"max-snippet:-1","max-image-preview":"max-image-preview:large","max-video-preview":"max-video-preview:-1"},"canonical":"https:\/\/giemza.ch\/index.php\/psychometria\/","og_locale":"pl_PL","og_type":"article","og_title":"Psychometria - Jakub Jan Giemza","og_description":"Oferuj\u0119 Klientom pe\u0142n\u0105 gam\u0119 test\u00f3w psychologicznych standaryzowanych przez Polskie Towarzystwo Psychologiczne i Psychiatryczne, opracowa\u0144 specjalist\u00f3w polskich i zagranicznych stosowanych powszechnie w psychologii klinicznej jak i biznesu, a tak\u017ce w\u0142asnych narz\u0119dzi psychometrycznych b\u0119d\u0105cych efektem do\u015bwiadcze\u0144 zawodowych. W ofercie posiadam testy osobowo\u015bci, inteligencji, jako\u015bci \u017cycia, testy uzale\u017cnie\u0144 czy motywacji i postaw. Klient po wykonaniu bada\u0144 psychometrycznych otrzymuje &hellip; Czytaj dalej Psychometria","og_url":"https:\/\/giemza.ch\/index.php\/psychometria\/","og_site_name":"Jakub Jan Giemza","article_modified_time":"2020-08-12T15:51:12+00:00","og_image":[{"url":"http:\/\/giemza.ch\/wp-content\/uploads\/2020\/08\/psychometria-1024x683.jpg"}],"twitter_card":"summary_large_image","schema":{"@context":"https:\/\/schema.org","@graph":[{"@type":"Organization","@id":"https:\/\/giemza.ch\/#organization","name":"Jakub Jan Giemza","url":"https:\/\/giemza.ch\/","sameAs":[],"logo":{"@type":"ImageObject","inLanguage":"pl-PL","@id":"https:\/\/giemza.ch\/#\/schema\/logo\/image\/","url":"https:\/\/giemza.ch\/wp-content\/uploads\/2026\/01\/cropped-cropped-ChatGPT-Image-5-sty-2026-o-03_50_08-2.png","contentUrl":"https:\/\/giemza.ch\/wp-content\/uploads\/2026\/01\/cropped-cropped-ChatGPT-Image-5-sty-2026-o-03_50_08-2.png","width":250,"height":250,"caption":"Jakub Jan Giemza"},"image":{"@id":"https:\/\/giemza.ch\/#\/schema\/logo\/image\/"}},{"@type":"WebSite","@id":"https:\/\/giemza.ch\/#website","url":"https:\/\/giemza.ch\/","name":"Jakub Jan Giemza","description":"PSYCHOLOGIA - PSYCHIATRIA - RODZINA &amp; BUSINESS","publisher":{"@id":"https:\/\/giemza.ch\/#organization"},"potentialAction":[{"@type":"SearchAction","target":{"@type":"EntryPoint","urlTemplate":"https:\/\/giemza.ch\/?s={search_term_string}"},"query-input":"required name=search_term_string"}],"inLanguage":"pl-PL"},{"@type":"WebPage","@id":"https:\/\/giemza.ch\/index.php\/psychometria\/","url":"https:\/\/giemza.ch\/index.php\/psychometria\/","name":"Psychometria - Jakub Jan Giemza","isPartOf":{"@id":"https:\/\/giemza.ch\/#website"},"datePublished":"2020-08-12T11:02:51+00:00","dateModified":"2020-08-12T15:51:12+00:00","breadcrumb":{"@id":"https:\/\/giemza.ch\/index.php\/psychometria\/#breadcrumb"},"inLanguage":"pl-PL","potentialAction":[{"@type":"ReadAction","target":["https:\/\/giemza.ch\/index.php\/psychometria\/"]}]},{"@type":"BreadcrumbList","@id":"https:\/\/giemza.ch\/index.php\/psychometria\/#breadcrumb","itemListElement":[{"@type":"ListItem","position":1,"name":"Strona g\u0142\u00f3wna","item":"https:\/\/giemza.ch\/"},{"@type":"ListItem","position":2,"name":"Psychometria"}]}]}},"_links":{"self":[{"href":"https:\/\/giemza.ch\/index.php\/wp-json\/wp\/v2\/pages\/115"}],"collection":[{"href":"https:\/\/giemza.ch\/index.php\/wp-json\/wp\/v2\/pages"}],"about":[{"href":"https:\/\/giemza.ch\/index.php\/wp-json\/wp\/v2\/types\/page"}],"author":[{"embeddable":true,"href":"https:\/\/giemza.ch\/index.php\/wp-json\/wp\/v2\/users\/1"}],"replies":[{"embeddable":true,"href":"https:\/\/giemza.ch\/index.php\/wp-json\/wp\/v2\/comments?post=115"}],"version-history":[{"count":3,"href":"https:\/\/giemza.ch\/index.php\/wp-json\/wp\/v2\/pages\/115\/revisions"}],"predecessor-version":[{"id":198,"href":"https:\/\/giemza.ch\/index.php\/wp-json\/wp\/v2\/pages\/115\/revisions\/198"}],"wp:attachment":[{"href":"https:\/\/giemza.ch\/index.php\/wp-json\/wp\/v2\/media?parent=115"}],"curies":[{"name":"wp","href":"https:\/\/api.w.org\/{rel}","templated":true}]}}