{"id":113,"date":"2020-08-12T12:59:03","date_gmt":"2020-08-12T10:59:03","guid":{"rendered":"http:\/\/giemza.ch\/?page_id=113"},"modified":"2020-09-17T21:20:35","modified_gmt":"2020-09-17T19:20:35","slug":"wypalenie-zawodowe","status":"publish","type":"page","link":"https:\/\/giemza.ch\/index.php\/wypalenie-zawodowe\/","title":{"rendered":"Wypalenie zawodowe"},"content":{"rendered":"\n<figure class=\"wp-block-image size-large\"><img loading=\"lazy\" width=\"1024\" height=\"576\" src=\"http:\/\/giemza.ch\/wp-content\/uploads\/2020\/08\/zapalki-wypalenie-1024x576.jpg\" alt=\"\" class=\"wp-image-183\" srcset=\"https:\/\/giemza.ch\/wp-content\/uploads\/2020\/08\/zapalki-wypalenie-1024x576.jpg 1024w, https:\/\/giemza.ch\/wp-content\/uploads\/2020\/08\/zapalki-wypalenie-300x169.jpg 300w, https:\/\/giemza.ch\/wp-content\/uploads\/2020\/08\/zapalki-wypalenie-768x432.jpg 768w, https:\/\/giemza.ch\/wp-content\/uploads\/2020\/08\/zapalki-wypalenie-1536x864.jpg 1536w, https:\/\/giemza.ch\/wp-content\/uploads\/2020\/08\/zapalki-wypalenie.jpg 1920w\" sizes=\"(max-width: 767px) 89vw, (max-width: 1000px) 54vw, (max-width: 1071px) 543px, 580px\" \/><\/figure>\n\n\n\n<p>Czym jest wypalenia zawodowe?<\/p>\n\n\n\n<p>W dzisiejszym, cywilizowanym \u015bwiecie wysoka stresogenno\u015b\u0107 pracy i towarzysz\u0105ce jej wypalenie zawodowe sta\u0142y si\u0119 niestety kolejn\u0105 choroba cywilizacyjn\u0105.\u00a0<\/p>\n\n\n\n<p>Tak\u017ce w Polsce, kt\u00f3ra od 1989 roku przesz\u0142a szereg przemian lawinowo zacz\u0119\u0142a rosn\u0105\u0107 liczba os\u00f3b, kt\u00f3re dotyka wypalenie zawodowe. Szczeg\u00f3lnie ostatnie dwie dekady przynios\u0142y now\u0105 jako\u015b\u0107 pracy. Prym wiod\u0142y korporacje, kt\u00f3re wchodz\u0105c na polski rynek zacz\u0119\u0142y narzuca\u0107 niejednokrotnie standardy absolutnie niedostosowane do polskiej mentalno\u015bci i mo\u017cliwo\u015bci spo\u0142ecze\u0144stwa, to jeszcze wykszta\u0142ci\u0142y w rzeszach pracownik\u00f3w nawyk \u015bcigania si\u0119 i walki o stanowisko od pierwszego dnia pracy. W pierwszej dekadzie nowego tysi\u0105clecia wysokie bezrobocie zapewnia\u0142o pracodawcom stosunkow\u0105 bezkarno\u015b\u0107, bowiem na miejsce pracownika nie wpisuj\u0105cego si\u0119 w \u201ekultur\u0119\u201d pracy czeka\u0142y dziesi\u0105tki nast\u0119pnych. Tak wi\u0119c pracownicy pracowali coraz d\u0142u\u017cej i stawali si\u0119 coraz mnie kreatywni \u2013 opas\u0142e tomiska standard\u00f3w korporacyjnych dos\u0142ownie na wszystko gwarantowa\u0142y, \u017ce jednostka si\u0119 nie wy\u0142amie.<\/p>\n\n\n\n<p>Albo wr\u0119cz przeciwnie ca\u0142kowity brak zasad, praca na czarno lub na sieci\u00f3wkach generowa\u0142a ci\u0105g\u0142e poczucie niepewno\u015bci, brak mo\u017cliwo\u015bci rozwoju i ciche przyzwolenie na now\u0105 form\u0119 wyzysku cz\u0142owieka.<\/p>\n\n\n\n<p>Drugie dziesi\u0119ciolecie przynios\u0142o lawinowy przyrost obowi\u0105zk\u00f3w, nowych zawod\u00f3w, nowomowy, konieczno\u015bci dostosowania si\u0119 do wymaga\u0144 coraz bardziej zinformatyzowanego \u015bwiata. Osoby nienad\u0105\u017caj\u0105ce podlegaj\u0105 wykluczeniu zawodowemu, cz\u0119sto pracuj\u0105c poni\u017cej swoich realnych kompetenecji lub niepracuj\u0105ca w og\u00f3le. Pracodawcy chc\u0105 wi\u0119cej, szybciej i efektywniej.<\/p>\n\n\n\n<p>S\u0142owo mobbing odmieniane jest przez wszystkie przypadki, \u0142amanie praw pracowniczych na sta\u0142e zago\u015bci\u0142o w wielu polskich przedsi\u0119biorstwach a cz\u0142owiek jako istota pozosta\u0142 daleko w tyle.&nbsp;<\/p>\n\n\n\n<p>Wszystkie te czynniki sprawi\u0142y, \u017ce coraz cz\u0119\u015bciej zacz\u0119\u0142y zg\u0142asza\u0107 si\u0119 do mnie osoby,&nbsp; kt\u00f3re po przej\u015bciu przez takiego pracodawc\u0119 lub tkwi\u0105c nadal w stosunku pracy spe\u0142niaj\u0105 kryteria wypalenia zawodowego.<\/p>\n","protected":false},"excerpt":{"rendered":"<p>Czym jest wypalenia zawodowe? W dzisiejszym, cywilizowanym \u015bwiecie wysoka stresogenno\u015b\u0107 pracy i towarzysz\u0105ce jej wypalenie zawodowe sta\u0142y si\u0119 niestety kolejn\u0105 choroba cywilizacyjn\u0105.\u00a0 Tak\u017ce w Polsce, kt\u00f3ra od 1989 roku przesz\u0142a szereg przemian lawinowo zacz\u0119\u0142a rosn\u0105\u0107 liczba os\u00f3b, kt\u00f3re dotyka wypalenie zawodowe. Szczeg\u00f3lnie ostatnie dwie dekady przynios\u0142y now\u0105 jako\u015b\u0107 pracy. Prym wiod\u0142y korporacje, kt\u00f3re wchodz\u0105c na &hellip; <\/p>\n<p class=\"link-more\"><a href=\"https:\/\/giemza.ch\/index.php\/wypalenie-zawodowe\/\" class=\"more-link\">Czytaj dalej<span class=\"screen-reader-text\"> Wypalenie zawodowe<\/span><\/a><\/p>\n","protected":false},"author":1,"featured_media":0,"parent":0,"menu_order":0,"comment_status":"closed","ping_status":"closed","template":"","meta":[],"yoast_head":"<!-- This site is optimized with the Yoast SEO plugin v19.4 - https:\/\/yoast.com\/wordpress\/plugins\/seo\/ -->\n<title>Wypalenie zawodowe - Jakub Jan Giemza<\/title>\n<meta name=\"robots\" content=\"index, follow, max-snippet:-1, max-image-preview:large, max-video-preview:-1\" \/>\n<link rel=\"canonical\" href=\"https:\/\/giemza.ch\/index.php\/wypalenie-zawodowe\/\" \/>\n<meta property=\"og:locale\" content=\"pl_PL\" \/>\n<meta property=\"og:type\" content=\"article\" \/>\n<meta property=\"og:title\" content=\"Wypalenie zawodowe - Jakub Jan Giemza\" \/>\n<meta property=\"og:description\" content=\"Czym jest wypalenia zawodowe? W dzisiejszym, cywilizowanym \u015bwiecie wysoka stresogenno\u015b\u0107 pracy i towarzysz\u0105ce jej wypalenie zawodowe sta\u0142y si\u0119 niestety kolejn\u0105 choroba cywilizacyjn\u0105.\u00a0 Tak\u017ce w Polsce, kt\u00f3ra od 1989 roku przesz\u0142a szereg przemian lawinowo zacz\u0119\u0142a rosn\u0105\u0107 liczba os\u00f3b, kt\u00f3re dotyka wypalenie zawodowe. Szczeg\u00f3lnie ostatnie dwie dekady przynios\u0142y now\u0105 jako\u015b\u0107 pracy. Prym wiod\u0142y korporacje, kt\u00f3re wchodz\u0105c na &hellip; Czytaj dalej Wypalenie zawodowe\" \/>\n<meta property=\"og:url\" content=\"https:\/\/giemza.ch\/index.php\/wypalenie-zawodowe\/\" \/>\n<meta property=\"og:site_name\" content=\"Jakub Jan Giemza\" \/>\n<meta property=\"article:modified_time\" content=\"2020-09-17T19:20:35+00:00\" \/>\n<meta property=\"og:image\" content=\"http:\/\/giemza.ch\/wp-content\/uploads\/2020\/08\/zapalki-wypalenie-1024x576.jpg\" \/>\n<meta name=\"twitter:card\" content=\"summary_large_image\" \/>\n<meta name=\"twitter:label1\" content=\"Szacowany czas czytania\" \/>\n\t<meta name=\"twitter:data1\" content=\"2 minuty\" \/>\n<script type=\"application\/ld+json\" class=\"yoast-schema-graph\">{\"@context\":\"https:\/\/schema.org\",\"@graph\":[{\"@type\":\"Organization\",\"@id\":\"https:\/\/giemza.ch\/#organization\",\"name\":\"Jakub Jan Giemza\",\"url\":\"https:\/\/giemza.ch\/\",\"sameAs\":[],\"logo\":{\"@type\":\"ImageObject\",\"inLanguage\":\"pl-PL\",\"@id\":\"https:\/\/giemza.ch\/#\/schema\/logo\/image\/\",\"url\":\"https:\/\/giemza.ch\/wp-content\/uploads\/2026\/01\/cropped-cropped-ChatGPT-Image-5-sty-2026-o-03_50_08-2.png\",\"contentUrl\":\"https:\/\/giemza.ch\/wp-content\/uploads\/2026\/01\/cropped-cropped-ChatGPT-Image-5-sty-2026-o-03_50_08-2.png\",\"width\":250,\"height\":250,\"caption\":\"Jakub Jan Giemza\"},\"image\":{\"@id\":\"https:\/\/giemza.ch\/#\/schema\/logo\/image\/\"}},{\"@type\":\"WebSite\",\"@id\":\"https:\/\/giemza.ch\/#website\",\"url\":\"https:\/\/giemza.ch\/\",\"name\":\"Jakub Jan Giemza\",\"description\":\"PSYCHOLOGIA - PSYCHIATRIA - RODZINA &amp; BUSINESS\",\"publisher\":{\"@id\":\"https:\/\/giemza.ch\/#organization\"},\"potentialAction\":[{\"@type\":\"SearchAction\",\"target\":{\"@type\":\"EntryPoint\",\"urlTemplate\":\"https:\/\/giemza.ch\/?s={search_term_string}\"},\"query-input\":\"required name=search_term_string\"}],\"inLanguage\":\"pl-PL\"},{\"@type\":\"WebPage\",\"@id\":\"https:\/\/giemza.ch\/index.php\/wypalenie-zawodowe\/\",\"url\":\"https:\/\/giemza.ch\/index.php\/wypalenie-zawodowe\/\",\"name\":\"Wypalenie zawodowe - Jakub Jan Giemza\",\"isPartOf\":{\"@id\":\"https:\/\/giemza.ch\/#website\"},\"datePublished\":\"2020-08-12T10:59:03+00:00\",\"dateModified\":\"2020-09-17T19:20:35+00:00\",\"breadcrumb\":{\"@id\":\"https:\/\/giemza.ch\/index.php\/wypalenie-zawodowe\/#breadcrumb\"},\"inLanguage\":\"pl-PL\",\"potentialAction\":[{\"@type\":\"ReadAction\",\"target\":[\"https:\/\/giemza.ch\/index.php\/wypalenie-zawodowe\/\"]}]},{\"@type\":\"BreadcrumbList\",\"@id\":\"https:\/\/giemza.ch\/index.php\/wypalenie-zawodowe\/#breadcrumb\",\"itemListElement\":[{\"@type\":\"ListItem\",\"position\":1,\"name\":\"Strona g\u0142\u00f3wna\",\"item\":\"https:\/\/giemza.ch\/\"},{\"@type\":\"ListItem\",\"position\":2,\"name\":\"Wypalenie zawodowe\"}]}]}<\/script>\n<!-- \/ Yoast SEO plugin. -->","yoast_head_json":{"title":"Wypalenie zawodowe - Jakub Jan Giemza","robots":{"index":"index","follow":"follow","max-snippet":"max-snippet:-1","max-image-preview":"max-image-preview:large","max-video-preview":"max-video-preview:-1"},"canonical":"https:\/\/giemza.ch\/index.php\/wypalenie-zawodowe\/","og_locale":"pl_PL","og_type":"article","og_title":"Wypalenie zawodowe - Jakub Jan Giemza","og_description":"Czym jest wypalenia zawodowe? W dzisiejszym, cywilizowanym \u015bwiecie wysoka stresogenno\u015b\u0107 pracy i towarzysz\u0105ce jej wypalenie zawodowe sta\u0142y si\u0119 niestety kolejn\u0105 choroba cywilizacyjn\u0105.\u00a0 Tak\u017ce w Polsce, kt\u00f3ra od 1989 roku przesz\u0142a szereg przemian lawinowo zacz\u0119\u0142a rosn\u0105\u0107 liczba os\u00f3b, kt\u00f3re dotyka wypalenie zawodowe. Szczeg\u00f3lnie ostatnie dwie dekady przynios\u0142y now\u0105 jako\u015b\u0107 pracy. Prym wiod\u0142y korporacje, kt\u00f3re wchodz\u0105c na &hellip; Czytaj dalej Wypalenie zawodowe","og_url":"https:\/\/giemza.ch\/index.php\/wypalenie-zawodowe\/","og_site_name":"Jakub Jan Giemza","article_modified_time":"2020-09-17T19:20:35+00:00","og_image":[{"url":"http:\/\/giemza.ch\/wp-content\/uploads\/2020\/08\/zapalki-wypalenie-1024x576.jpg"}],"twitter_card":"summary_large_image","twitter_misc":{"Szacowany czas czytania":"2 minuty"},"schema":{"@context":"https:\/\/schema.org","@graph":[{"@type":"Organization","@id":"https:\/\/giemza.ch\/#organization","name":"Jakub Jan Giemza","url":"https:\/\/giemza.ch\/","sameAs":[],"logo":{"@type":"ImageObject","inLanguage":"pl-PL","@id":"https:\/\/giemza.ch\/#\/schema\/logo\/image\/","url":"https:\/\/giemza.ch\/wp-content\/uploads\/2026\/01\/cropped-cropped-ChatGPT-Image-5-sty-2026-o-03_50_08-2.png","contentUrl":"https:\/\/giemza.ch\/wp-content\/uploads\/2026\/01\/cropped-cropped-ChatGPT-Image-5-sty-2026-o-03_50_08-2.png","width":250,"height":250,"caption":"Jakub Jan Giemza"},"image":{"@id":"https:\/\/giemza.ch\/#\/schema\/logo\/image\/"}},{"@type":"WebSite","@id":"https:\/\/giemza.ch\/#website","url":"https:\/\/giemza.ch\/","name":"Jakub Jan Giemza","description":"PSYCHOLOGIA - PSYCHIATRIA - RODZINA &amp; BUSINESS","publisher":{"@id":"https:\/\/giemza.ch\/#organization"},"potentialAction":[{"@type":"SearchAction","target":{"@type":"EntryPoint","urlTemplate":"https:\/\/giemza.ch\/?s={search_term_string}"},"query-input":"required name=search_term_string"}],"inLanguage":"pl-PL"},{"@type":"WebPage","@id":"https:\/\/giemza.ch\/index.php\/wypalenie-zawodowe\/","url":"https:\/\/giemza.ch\/index.php\/wypalenie-zawodowe\/","name":"Wypalenie zawodowe - Jakub Jan Giemza","isPartOf":{"@id":"https:\/\/giemza.ch\/#website"},"datePublished":"2020-08-12T10:59:03+00:00","dateModified":"2020-09-17T19:20:35+00:00","breadcrumb":{"@id":"https:\/\/giemza.ch\/index.php\/wypalenie-zawodowe\/#breadcrumb"},"inLanguage":"pl-PL","potentialAction":[{"@type":"ReadAction","target":["https:\/\/giemza.ch\/index.php\/wypalenie-zawodowe\/"]}]},{"@type":"BreadcrumbList","@id":"https:\/\/giemza.ch\/index.php\/wypalenie-zawodowe\/#breadcrumb","itemListElement":[{"@type":"ListItem","position":1,"name":"Strona g\u0142\u00f3wna","item":"https:\/\/giemza.ch\/"},{"@type":"ListItem","position":2,"name":"Wypalenie zawodowe"}]}]}},"_links":{"self":[{"href":"https:\/\/giemza.ch\/index.php\/wp-json\/wp\/v2\/pages\/113"}],"collection":[{"href":"https:\/\/giemza.ch\/index.php\/wp-json\/wp\/v2\/pages"}],"about":[{"href":"https:\/\/giemza.ch\/index.php\/wp-json\/wp\/v2\/types\/page"}],"author":[{"embeddable":true,"href":"https:\/\/giemza.ch\/index.php\/wp-json\/wp\/v2\/users\/1"}],"replies":[{"embeddable":true,"href":"https:\/\/giemza.ch\/index.php\/wp-json\/wp\/v2\/comments?post=113"}],"version-history":[{"count":3,"href":"https:\/\/giemza.ch\/index.php\/wp-json\/wp\/v2\/pages\/113\/revisions"}],"predecessor-version":[{"id":318,"href":"https:\/\/giemza.ch\/index.php\/wp-json\/wp\/v2\/pages\/113\/revisions\/318"}],"wp:attachment":[{"href":"https:\/\/giemza.ch\/index.php\/wp-json\/wp\/v2\/media?parent=113"}],"curies":[{"name":"wp","href":"https:\/\/api.w.org\/{rel}","templated":true}]}}