{"id":109,"date":"2020-08-12T12:47:34","date_gmt":"2020-08-12T10:47:34","guid":{"rendered":"http:\/\/giemza.ch\/?page_id=109"},"modified":"2020-08-17T20:20:53","modified_gmt":"2020-08-17T18:20:53","slug":"zasady-wspolpracy","status":"publish","type":"page","link":"https:\/\/giemza.ch\/index.php\/zasady-wspolpracy\/","title":{"rendered":"Zasady wsp\u00f3\u0142pracy"},"content":{"rendered":"\n<figure class=\"wp-block-image size-large\"><img loading=\"lazy\" width=\"1024\" height=\"420\" src=\"http:\/\/giemza.ch\/wp-content\/uploads\/2020\/08\/zasady-wspolpracy-1024x420.jpg\" alt=\"\" class=\"wp-image-213\" srcset=\"https:\/\/giemza.ch\/wp-content\/uploads\/2020\/08\/zasady-wspolpracy-1024x420.jpg 1024w, https:\/\/giemza.ch\/wp-content\/uploads\/2020\/08\/zasady-wspolpracy-300x123.jpg 300w, https:\/\/giemza.ch\/wp-content\/uploads\/2020\/08\/zasady-wspolpracy-768x315.jpg 768w, https:\/\/giemza.ch\/wp-content\/uploads\/2020\/08\/zasady-wspolpracy-1536x630.jpg 1536w, https:\/\/giemza.ch\/wp-content\/uploads\/2020\/08\/zasady-wspolpracy.jpg 1920w\" sizes=\"(max-width: 767px) 89vw, (max-width: 1000px) 54vw, (max-width: 1071px) 543px, 580px\" \/><\/figure>\n\n\n\n<p>Ta zak\u0142adka, mo\u017ce zar\u00f3wno zach\u0119ca\u0107 jak zniech\u0119ca\u0107 do wsp\u00f3\u0142pracy, gdy\u017c mam kilka cech i zasad, kt\u00f3re wysoko sobie ceni\u0119 i nie mam zamiaru ich zmienia\u0107. Pozwoli\u0142em je sobie wypunktowa\u0107.<\/p>\n\n\n\n<p>Jestem wymagaj\u0105cy w ka\u017cdej dziedzinie pracy, bardzo nie lubi\u0119 p\u00f3\u0142\u015brodk\u00f3w i bylejako\u015bci. Dlatego sporo wymagam od siebie i od innych.&nbsp;<\/p>\n\n\n\n<p>Nadrz\u0119dny jest zawsze cz\u0142owiek, wi\u0119c zasady etyki s\u0105 dla mnie nakazem a nie sugesti\u0105.<\/p>\n\n\n\n<p>W pracy biznesowej oczekuj\u0119 zaanga\u017cowania i wiary w uczciwe rozwi\u0105zania.<\/p>\n\n\n\n<p>W pracy terapeutycznej r\u00f3wnie\u017c oczekuj\u0119 zaanga\u017cowania. Wymogiem koniecznym do wsp\u00f3\u0142pracy ze mn\u0105 jest wi\u0119c w\u0142asna wola spotkania.<\/p>\n\n\n\n<p>Dzia\u0142am celowo, wi\u0119c zar\u00f3wno w psychologii jak i biznesie jasno okre\u015blamy zasady wsp\u00f3\u0142pracy oraz cele jakie chcemy osi\u0105gn\u0105\u0107.<\/p>\n\n\n\n<p>Bardzo ceni\u0119 sobie czas spotkania z` Klientem, wi\u0119c spora cz\u0119\u015b\u0107 wsp\u00f3\u0142pracy jest prac\u0105 domow\u0105, a podczas sesji koncentruj\u0119 na intensywnych dzia\u0142aniach terapeutycznych. Klient dostaje materia\u0142y pomocnicze, artyku\u0142y lub zadania do zrealizowania do czasu kolejnego spotkania. Dzi\u0119ki temu znacznie szybciej osi\u0105gamy za\u0142o\u017cone cele.<\/p>\n\n\n\n<p>W pracy terapeutycznej nie przepadam za prac\u0105 z zegarkiem w r\u0119ku. Uwa\u017cam, \u017ce sesja sesji nie jest r\u00f3wna. Zach\u0119cam wi\u0119c Klient\u00f3w do wsp\u00f3\u0142pracy opartej na zr\u00f3\u017cnicowanym czasie spotka\u0144. Wielokrotnie zdarza si\u0119, \u017ce odczuwamy (Klient i ja) dyskomfort zwi\u0105zany z przedwczesnym zako\u0144czeniem sesji, lub przed czasem ko\u0144czymy w\u0105tek terapii. Ka\u017cdorazowo zasady takiej wsp\u00f3\u0142pracy s\u0105 szczeg\u00f3\u0142owo omawiane.<\/p>\n\n\n\n<p>Jestem cz\u0142owiekiem a nie \u201emumi\u0105\u201d, wi\u0119c mo\u017cna si\u0119 spodziewa\u0107 z mojej strony reaktywno\u015bci. Jak jest \u015bmiesznie to moje wrodzone poczucie humoru nie pozwala mi si\u0119 nie \u015bmia\u0107. Jak jest powa\u017cnie to jestem powa\u017cny. A jak, Klient opowiada g\u0142upoty to go o tym fakcie informuj\u0119.<\/p>\n\n\n\n<p>Nie m\u00f3wi\u0119 Klientom tego co chc\u0105 us\u0142ysze\u0107 tylko prawd\u0119.<\/p>\n\n\n\n<figure class=\"wp-block-image size-large\"><img loading=\"lazy\" width=\"1024\" height=\"682\" src=\"http:\/\/giemza.ch\/wp-content\/uploads\/2020\/08\/Borys-Jozek-1024x682.jpg\" alt=\"\" class=\"wp-image-265\" srcset=\"https:\/\/giemza.ch\/wp-content\/uploads\/2020\/08\/Borys-Jozek-1024x682.jpg 1024w, https:\/\/giemza.ch\/wp-content\/uploads\/2020\/08\/Borys-Jozek-300x200.jpg 300w, https:\/\/giemza.ch\/wp-content\/uploads\/2020\/08\/Borys-Jozek-768x511.jpg 768w, https:\/\/giemza.ch\/wp-content\/uploads\/2020\/08\/Borys-Jozek-1536x1023.jpg 1536w, https:\/\/giemza.ch\/wp-content\/uploads\/2020\/08\/Borys-Jozek.jpg 1715w\" sizes=\"(max-width: 767px) 89vw, (max-width: 1000px) 54vw, (max-width: 1071px) 543px, 580px\" \/><\/figure>\n\n\n\n<p>Od dwudziestu lat pracuj\u0119 w towarzystwie ps\u00f3w, kt\u00f3re stanowi\u0105 idealny roz\u0142adowywacz z\u0142ych emocji. Je\u015bli Klient nie \u017cyczy sobie ich obecno\u015bci to jego \u017cyczenie jest dla mnie rozkazem.&nbsp;<\/p>\n\n\n\n<p>Na \u017cyczenie Klienta w psychoterapii zawieramy kontrakt terapeutyczny. W dzia\u0142aniach biznesowych zawieramy kontrakt zawsze.<\/p>\n","protected":false},"excerpt":{"rendered":"<p>Ta zak\u0142adka, mo\u017ce zar\u00f3wno zach\u0119ca\u0107 jak zniech\u0119ca\u0107 do wsp\u00f3\u0142pracy, gdy\u017c mam kilka cech i zasad, kt\u00f3re wysoko sobie ceni\u0119 i nie mam zamiaru ich zmienia\u0107. Pozwoli\u0142em je sobie wypunktowa\u0107. Jestem wymagaj\u0105cy w ka\u017cdej dziedzinie pracy, bardzo nie lubi\u0119 p\u00f3\u0142\u015brodk\u00f3w i bylejako\u015bci. Dlatego sporo wymagam od siebie i od innych.&nbsp; Nadrz\u0119dny jest zawsze cz\u0142owiek, wi\u0119c zasady &hellip; <\/p>\n<p class=\"link-more\"><a href=\"https:\/\/giemza.ch\/index.php\/zasady-wspolpracy\/\" class=\"more-link\">Czytaj dalej<span class=\"screen-reader-text\"> Zasady wsp\u00f3\u0142pracy<\/span><\/a><\/p>\n","protected":false},"author":1,"featured_media":0,"parent":0,"menu_order":0,"comment_status":"closed","ping_status":"closed","template":"","meta":[],"yoast_head":"<!-- This site is optimized with the Yoast SEO plugin v19.4 - https:\/\/yoast.com\/wordpress\/plugins\/seo\/ -->\n<title>Zasady wsp\u00f3\u0142pracy - Jakub Jan Giemza<\/title>\n<meta name=\"description\" content=\"Kontrakt terapeutyczny z psychologiem. Zasady obs\u0142ugi Klienta. Psychoterapia, konsultacje psychologiczne. Psycholog biznesu we Wroc\u0142awiu.\" \/>\n<meta name=\"robots\" content=\"index, follow, max-snippet:-1, max-image-preview:large, max-video-preview:-1\" \/>\n<link rel=\"canonical\" href=\"https:\/\/giemza.ch\/index.php\/zasady-wspolpracy\/\" \/>\n<meta property=\"og:locale\" content=\"pl_PL\" \/>\n<meta property=\"og:type\" content=\"article\" \/>\n<meta property=\"og:title\" content=\"Zasady wsp\u00f3\u0142pracy - Jakub Jan Giemza\" \/>\n<meta property=\"og:description\" content=\"Kontrakt terapeutyczny z psychologiem. Zasady obs\u0142ugi Klienta. Psychoterapia, konsultacje psychologiczne. Psycholog biznesu we Wroc\u0142awiu.\" \/>\n<meta property=\"og:url\" content=\"https:\/\/giemza.ch\/index.php\/zasady-wspolpracy\/\" \/>\n<meta property=\"og:site_name\" content=\"Jakub Jan Giemza\" \/>\n<meta property=\"article:modified_time\" content=\"2020-08-17T18:20:53+00:00\" \/>\n<meta property=\"og:image\" content=\"http:\/\/giemza.ch\/wp-content\/uploads\/2020\/08\/zasady-wspolpracy-1024x420.jpg\" \/>\n<meta name=\"twitter:card\" content=\"summary_large_image\" \/>\n<meta name=\"twitter:label1\" content=\"Szacowany czas czytania\" \/>\n\t<meta name=\"twitter:data1\" content=\"2 minuty\" \/>\n<script type=\"application\/ld+json\" class=\"yoast-schema-graph\">{\"@context\":\"https:\/\/schema.org\",\"@graph\":[{\"@type\":\"Organization\",\"@id\":\"https:\/\/giemza.ch\/#organization\",\"name\":\"Jakub Jan Giemza\",\"url\":\"https:\/\/giemza.ch\/\",\"sameAs\":[],\"logo\":{\"@type\":\"ImageObject\",\"inLanguage\":\"pl-PL\",\"@id\":\"https:\/\/giemza.ch\/#\/schema\/logo\/image\/\",\"url\":\"https:\/\/giemza.ch\/wp-content\/uploads\/2026\/01\/cropped-cropped-ChatGPT-Image-5-sty-2026-o-03_50_08-2.png\",\"contentUrl\":\"https:\/\/giemza.ch\/wp-content\/uploads\/2026\/01\/cropped-cropped-ChatGPT-Image-5-sty-2026-o-03_50_08-2.png\",\"width\":250,\"height\":250,\"caption\":\"Jakub Jan Giemza\"},\"image\":{\"@id\":\"https:\/\/giemza.ch\/#\/schema\/logo\/image\/\"}},{\"@type\":\"WebSite\",\"@id\":\"https:\/\/giemza.ch\/#website\",\"url\":\"https:\/\/giemza.ch\/\",\"name\":\"Jakub Jan Giemza\",\"description\":\"PSYCHOLOGIA - PSYCHIATRIA - RODZINA &amp; BUSINESS\",\"publisher\":{\"@id\":\"https:\/\/giemza.ch\/#organization\"},\"potentialAction\":[{\"@type\":\"SearchAction\",\"target\":{\"@type\":\"EntryPoint\",\"urlTemplate\":\"https:\/\/giemza.ch\/?s={search_term_string}\"},\"query-input\":\"required name=search_term_string\"}],\"inLanguage\":\"pl-PL\"},{\"@type\":\"WebPage\",\"@id\":\"https:\/\/giemza.ch\/index.php\/zasady-wspolpracy\/\",\"url\":\"https:\/\/giemza.ch\/index.php\/zasady-wspolpracy\/\",\"name\":\"Zasady wsp\u00f3\u0142pracy - Jakub Jan Giemza\",\"isPartOf\":{\"@id\":\"https:\/\/giemza.ch\/#website\"},\"datePublished\":\"2020-08-12T10:47:34+00:00\",\"dateModified\":\"2020-08-17T18:20:53+00:00\",\"description\":\"Kontrakt terapeutyczny z psychologiem. Zasady obs\u0142ugi Klienta. Psychoterapia, konsultacje psychologiczne. Psycholog biznesu we Wroc\u0142awiu.\",\"breadcrumb\":{\"@id\":\"https:\/\/giemza.ch\/index.php\/zasady-wspolpracy\/#breadcrumb\"},\"inLanguage\":\"pl-PL\",\"potentialAction\":[{\"@type\":\"ReadAction\",\"target\":[\"https:\/\/giemza.ch\/index.php\/zasady-wspolpracy\/\"]}]},{\"@type\":\"BreadcrumbList\",\"@id\":\"https:\/\/giemza.ch\/index.php\/zasady-wspolpracy\/#breadcrumb\",\"itemListElement\":[{\"@type\":\"ListItem\",\"position\":1,\"name\":\"Strona g\u0142\u00f3wna\",\"item\":\"https:\/\/giemza.ch\/\"},{\"@type\":\"ListItem\",\"position\":2,\"name\":\"Zasady wsp\u00f3\u0142pracy\"}]}]}<\/script>\n<!-- \/ Yoast SEO plugin. -->","yoast_head_json":{"title":"Zasady wsp\u00f3\u0142pracy - Jakub Jan Giemza","description":"Kontrakt terapeutyczny z psychologiem. Zasady obs\u0142ugi Klienta. Psychoterapia, konsultacje psychologiczne. Psycholog biznesu we Wroc\u0142awiu.","robots":{"index":"index","follow":"follow","max-snippet":"max-snippet:-1","max-image-preview":"max-image-preview:large","max-video-preview":"max-video-preview:-1"},"canonical":"https:\/\/giemza.ch\/index.php\/zasady-wspolpracy\/","og_locale":"pl_PL","og_type":"article","og_title":"Zasady wsp\u00f3\u0142pracy - Jakub Jan Giemza","og_description":"Kontrakt terapeutyczny z psychologiem. Zasady obs\u0142ugi Klienta. Psychoterapia, konsultacje psychologiczne. Psycholog biznesu we Wroc\u0142awiu.","og_url":"https:\/\/giemza.ch\/index.php\/zasady-wspolpracy\/","og_site_name":"Jakub Jan Giemza","article_modified_time":"2020-08-17T18:20:53+00:00","og_image":[{"url":"http:\/\/giemza.ch\/wp-content\/uploads\/2020\/08\/zasady-wspolpracy-1024x420.jpg"}],"twitter_card":"summary_large_image","twitter_misc":{"Szacowany czas czytania":"2 minuty"},"schema":{"@context":"https:\/\/schema.org","@graph":[{"@type":"Organization","@id":"https:\/\/giemza.ch\/#organization","name":"Jakub Jan Giemza","url":"https:\/\/giemza.ch\/","sameAs":[],"logo":{"@type":"ImageObject","inLanguage":"pl-PL","@id":"https:\/\/giemza.ch\/#\/schema\/logo\/image\/","url":"https:\/\/giemza.ch\/wp-content\/uploads\/2026\/01\/cropped-cropped-ChatGPT-Image-5-sty-2026-o-03_50_08-2.png","contentUrl":"https:\/\/giemza.ch\/wp-content\/uploads\/2026\/01\/cropped-cropped-ChatGPT-Image-5-sty-2026-o-03_50_08-2.png","width":250,"height":250,"caption":"Jakub Jan Giemza"},"image":{"@id":"https:\/\/giemza.ch\/#\/schema\/logo\/image\/"}},{"@type":"WebSite","@id":"https:\/\/giemza.ch\/#website","url":"https:\/\/giemza.ch\/","name":"Jakub Jan Giemza","description":"PSYCHOLOGIA - PSYCHIATRIA - RODZINA &amp; BUSINESS","publisher":{"@id":"https:\/\/giemza.ch\/#organization"},"potentialAction":[{"@type":"SearchAction","target":{"@type":"EntryPoint","urlTemplate":"https:\/\/giemza.ch\/?s={search_term_string}"},"query-input":"required name=search_term_string"}],"inLanguage":"pl-PL"},{"@type":"WebPage","@id":"https:\/\/giemza.ch\/index.php\/zasady-wspolpracy\/","url":"https:\/\/giemza.ch\/index.php\/zasady-wspolpracy\/","name":"Zasady wsp\u00f3\u0142pracy - Jakub Jan Giemza","isPartOf":{"@id":"https:\/\/giemza.ch\/#website"},"datePublished":"2020-08-12T10:47:34+00:00","dateModified":"2020-08-17T18:20:53+00:00","description":"Kontrakt terapeutyczny z psychologiem. Zasady obs\u0142ugi Klienta. Psychoterapia, konsultacje psychologiczne. Psycholog biznesu we Wroc\u0142awiu.","breadcrumb":{"@id":"https:\/\/giemza.ch\/index.php\/zasady-wspolpracy\/#breadcrumb"},"inLanguage":"pl-PL","potentialAction":[{"@type":"ReadAction","target":["https:\/\/giemza.ch\/index.php\/zasady-wspolpracy\/"]}]},{"@type":"BreadcrumbList","@id":"https:\/\/giemza.ch\/index.php\/zasady-wspolpracy\/#breadcrumb","itemListElement":[{"@type":"ListItem","position":1,"name":"Strona g\u0142\u00f3wna","item":"https:\/\/giemza.ch\/"},{"@type":"ListItem","position":2,"name":"Zasady wsp\u00f3\u0142pracy"}]}]}},"_links":{"self":[{"href":"https:\/\/giemza.ch\/index.php\/wp-json\/wp\/v2\/pages\/109"}],"collection":[{"href":"https:\/\/giemza.ch\/index.php\/wp-json\/wp\/v2\/pages"}],"about":[{"href":"https:\/\/giemza.ch\/index.php\/wp-json\/wp\/v2\/types\/page"}],"author":[{"embeddable":true,"href":"https:\/\/giemza.ch\/index.php\/wp-json\/wp\/v2\/users\/1"}],"replies":[{"embeddable":true,"href":"https:\/\/giemza.ch\/index.php\/wp-json\/wp\/v2\/comments?post=109"}],"version-history":[{"count":5,"href":"https:\/\/giemza.ch\/index.php\/wp-json\/wp\/v2\/pages\/109\/revisions"}],"predecessor-version":[{"id":266,"href":"https:\/\/giemza.ch\/index.php\/wp-json\/wp\/v2\/pages\/109\/revisions\/266"}],"wp:attachment":[{"href":"https:\/\/giemza.ch\/index.php\/wp-json\/wp\/v2\/media?parent=109"}],"curies":[{"name":"wp","href":"https:\/\/api.w.org\/{rel}","templated":true}]}}