{"id":100,"date":"2020-08-12T12:20:44","date_gmt":"2020-08-12T10:20:44","guid":{"rendered":"http:\/\/giemza.ch\/?page_id=100"},"modified":"2020-09-17T21:02:37","modified_gmt":"2020-09-17T19:02:37","slug":"psychoterapia","status":"publish","type":"page","link":"https:\/\/giemza.ch\/index.php\/psychoterapia\/","title":{"rendered":"Psychoterapia"},"content":{"rendered":"\n<figure class=\"wp-block-image size-large\"><img loading=\"lazy\" width=\"1024\" height=\"683\" src=\"http:\/\/giemza.ch\/wp-content\/uploads\/2020\/08\/psychoterapia-1024x683.jpg\" alt=\"\" class=\"wp-image-200\" srcset=\"https:\/\/giemza.ch\/wp-content\/uploads\/2020\/08\/psychoterapia-1024x683.jpg 1024w, https:\/\/giemza.ch\/wp-content\/uploads\/2020\/08\/psychoterapia-300x200.jpg 300w, https:\/\/giemza.ch\/wp-content\/uploads\/2020\/08\/psychoterapia-768x512.jpg 768w, https:\/\/giemza.ch\/wp-content\/uploads\/2020\/08\/psychoterapia-1536x1024.jpg 1536w, https:\/\/giemza.ch\/wp-content\/uploads\/2020\/08\/psychoterapia.jpg 1920w\" sizes=\"(max-width: 767px) 89vw, (max-width: 1000px) 54vw, (max-width: 1071px) 543px, 580px\" \/><\/figure>\n\n\n\n<p>Oferuj\u0119 wsparcie w podej\u015bciu eklektycznym, koncentruj\u0105c si\u0119 na dopasowaniu najlepszej metody terapeutycznej do indywidualnych potrzeb Klienta. Ka\u017cdorazowo przed rozpocz\u0119ciem terapii dokonuj\u0119 analizy funkcjonowania w ramach triady biologiczno-psychologiczno-spo\u0142ecznej, co u\u0142atwia zrozumienie \u015brodowiska w jakim funkcjonuje Klient.<\/p>\n\n\n\n<p>Przyk\u0142adowe zakresy mojej dzia\u0142alno\u015bci.<\/p>\n\n\n\n<p>Psychoterapia zaburze\u0144 l\u0119kowo-depresyjnych &#8211; depresja, my\u015blenie suicydalne, zespo\u0142y l\u0119ku napadowego i uog\u00f3lnionego.<\/p>\n\n\n\n<p>Terapia zaburze\u0144 osobowo\u015bci: paranoicznych, schizoidalnych, schizotypowych, histrionicznych, narcystycznych, socjopatycznych oraz borderline.<\/p>\n\n\n\n<p>Leczenie zaburze\u0144 obsesyjno-kompulsywnych.<\/p>\n\n\n\n<p>Wsparcie os\u00f3b do\u015bwiadczaj\u0105cych poczucia winy.<\/p>\n\n\n\n<p>Psychoterapia os\u00f3b z zaburzeniami seksualnymi.<\/p>\n\n\n\n<p>Pomoc ofiarom przemocy fizycznej, psychicznej i seksualnej.<\/p>\n\n\n\n<p>Terapi\u0119 potraumatyczn\u0105 &#8211; zesp\u00f3\u0142 stresu pourazowego.<\/p>\n\n\n\n<p>Psychoterapi\u0119 os\u00f3b z zaburzeniami od\u017cywiania.<\/p>\n\n\n\n<p>Praca z uzale\u017cnieniami od \u015brodk\u00f3w psychoaktywnych.<\/p>\n\n\n\n<p>Terapia nowych uzale\u017cnie\u0144 &#8211; internet, praca, wirtualny seks, natr\u0119ctwo kupowania itp..<\/p>\n\n\n\n<p>Wsparcie os\u00f3b LGBTQ.<\/p>\n\n\n\n<p>Leczenie zaburze\u0144 somatoformicznych i dysocjacyjnych typu &#8211; hipochondria, somatyzacja, zaburzenia b\u00f3lowe, zaburzenia konwersyjne itp.<\/p>\n","protected":false},"excerpt":{"rendered":"<p>Oferuj\u0119 wsparcie w podej\u015bciu eklektycznym, koncentruj\u0105c si\u0119 na dopasowaniu najlepszej metody terapeutycznej do indywidualnych potrzeb Klienta. Ka\u017cdorazowo przed rozpocz\u0119ciem terapii dokonuj\u0119 analizy funkcjonowania w ramach triady biologiczno-psychologiczno-spo\u0142ecznej, co u\u0142atwia zrozumienie \u015brodowiska w jakim funkcjonuje Klient. Przyk\u0142adowe zakresy mojej dzia\u0142alno\u015bci. Psychoterapia zaburze\u0144 l\u0119kowo-depresyjnych &#8211; depresja, my\u015blenie suicydalne, zespo\u0142y l\u0119ku napadowego i uog\u00f3lnionego. Terapia zaburze\u0144 osobowo\u015bci: paranoicznych, &hellip; <\/p>\n<p class=\"link-more\"><a href=\"https:\/\/giemza.ch\/index.php\/psychoterapia\/\" class=\"more-link\">Czytaj dalej<span class=\"screen-reader-text\"> Psychoterapia<\/span><\/a><\/p>\n","protected":false},"author":1,"featured_media":0,"parent":0,"menu_order":0,"comment_status":"closed","ping_status":"closed","template":"","meta":[],"yoast_head":"<!-- This site is optimized with the Yoast SEO plugin v19.4 - https:\/\/yoast.com\/wordpress\/plugins\/seo\/ -->\n<title>Psychoterapia - Jakub Jan Giemza<\/title>\n<meta name=\"robots\" content=\"index, follow, max-snippet:-1, max-image-preview:large, max-video-preview:-1\" \/>\n<link rel=\"canonical\" href=\"https:\/\/giemza.ch\/index.php\/psychoterapia\/\" \/>\n<meta property=\"og:locale\" content=\"pl_PL\" \/>\n<meta property=\"og:type\" content=\"article\" \/>\n<meta property=\"og:title\" content=\"Psychoterapia - Jakub Jan Giemza\" \/>\n<meta property=\"og:description\" content=\"Oferuj\u0119 wsparcie w podej\u015bciu eklektycznym, koncentruj\u0105c si\u0119 na dopasowaniu najlepszej metody terapeutycznej do indywidualnych potrzeb Klienta. Ka\u017cdorazowo przed rozpocz\u0119ciem terapii dokonuj\u0119 analizy funkcjonowania w ramach triady biologiczno-psychologiczno-spo\u0142ecznej, co u\u0142atwia zrozumienie \u015brodowiska w jakim funkcjonuje Klient. Przyk\u0142adowe zakresy mojej dzia\u0142alno\u015bci. Psychoterapia zaburze\u0144 l\u0119kowo-depresyjnych &#8211; depresja, my\u015blenie suicydalne, zespo\u0142y l\u0119ku napadowego i uog\u00f3lnionego. Terapia zaburze\u0144 osobowo\u015bci: paranoicznych, &hellip; Czytaj dalej Psychoterapia\" \/>\n<meta property=\"og:url\" content=\"https:\/\/giemza.ch\/index.php\/psychoterapia\/\" \/>\n<meta property=\"og:site_name\" content=\"Jakub Jan Giemza\" \/>\n<meta property=\"article:modified_time\" content=\"2020-09-17T19:02:37+00:00\" \/>\n<meta property=\"og:image\" content=\"http:\/\/giemza.ch\/wp-content\/uploads\/2020\/08\/psychoterapia-1024x683.jpg\" \/>\n<meta name=\"twitter:card\" content=\"summary_large_image\" \/>\n<meta name=\"twitter:label1\" content=\"Szacowany czas czytania\" \/>\n\t<meta name=\"twitter:data1\" content=\"1 minuta\" \/>\n<script type=\"application\/ld+json\" class=\"yoast-schema-graph\">{\"@context\":\"https:\/\/schema.org\",\"@graph\":[{\"@type\":\"Organization\",\"@id\":\"https:\/\/giemza.ch\/#organization\",\"name\":\"Jakub Jan Giemza\",\"url\":\"https:\/\/giemza.ch\/\",\"sameAs\":[],\"logo\":{\"@type\":\"ImageObject\",\"inLanguage\":\"pl-PL\",\"@id\":\"https:\/\/giemza.ch\/#\/schema\/logo\/image\/\",\"url\":\"https:\/\/giemza.ch\/wp-content\/uploads\/2026\/01\/cropped-cropped-ChatGPT-Image-5-sty-2026-o-03_50_08-2.png\",\"contentUrl\":\"https:\/\/giemza.ch\/wp-content\/uploads\/2026\/01\/cropped-cropped-ChatGPT-Image-5-sty-2026-o-03_50_08-2.png\",\"width\":250,\"height\":250,\"caption\":\"Jakub Jan Giemza\"},\"image\":{\"@id\":\"https:\/\/giemza.ch\/#\/schema\/logo\/image\/\"}},{\"@type\":\"WebSite\",\"@id\":\"https:\/\/giemza.ch\/#website\",\"url\":\"https:\/\/giemza.ch\/\",\"name\":\"Jakub Jan Giemza\",\"description\":\"PSYCHOLOGIA - PSYCHIATRIA - RODZINA &amp; BUSINESS\",\"publisher\":{\"@id\":\"https:\/\/giemza.ch\/#organization\"},\"potentialAction\":[{\"@type\":\"SearchAction\",\"target\":{\"@type\":\"EntryPoint\",\"urlTemplate\":\"https:\/\/giemza.ch\/?s={search_term_string}\"},\"query-input\":\"required name=search_term_string\"}],\"inLanguage\":\"pl-PL\"},{\"@type\":\"WebPage\",\"@id\":\"https:\/\/giemza.ch\/index.php\/psychoterapia\/\",\"url\":\"https:\/\/giemza.ch\/index.php\/psychoterapia\/\",\"name\":\"Psychoterapia - Jakub Jan Giemza\",\"isPartOf\":{\"@id\":\"https:\/\/giemza.ch\/#website\"},\"datePublished\":\"2020-08-12T10:20:44+00:00\",\"dateModified\":\"2020-09-17T19:02:37+00:00\",\"breadcrumb\":{\"@id\":\"https:\/\/giemza.ch\/index.php\/psychoterapia\/#breadcrumb\"},\"inLanguage\":\"pl-PL\",\"potentialAction\":[{\"@type\":\"ReadAction\",\"target\":[\"https:\/\/giemza.ch\/index.php\/psychoterapia\/\"]}]},{\"@type\":\"BreadcrumbList\",\"@id\":\"https:\/\/giemza.ch\/index.php\/psychoterapia\/#breadcrumb\",\"itemListElement\":[{\"@type\":\"ListItem\",\"position\":1,\"name\":\"Strona g\u0142\u00f3wna\",\"item\":\"https:\/\/giemza.ch\/\"},{\"@type\":\"ListItem\",\"position\":2,\"name\":\"Psychoterapia\"}]}]}<\/script>\n<!-- \/ Yoast SEO plugin. -->","yoast_head_json":{"title":"Psychoterapia - Jakub Jan Giemza","robots":{"index":"index","follow":"follow","max-snippet":"max-snippet:-1","max-image-preview":"max-image-preview:large","max-video-preview":"max-video-preview:-1"},"canonical":"https:\/\/giemza.ch\/index.php\/psychoterapia\/","og_locale":"pl_PL","og_type":"article","og_title":"Psychoterapia - Jakub Jan Giemza","og_description":"Oferuj\u0119 wsparcie w podej\u015bciu eklektycznym, koncentruj\u0105c si\u0119 na dopasowaniu najlepszej metody terapeutycznej do indywidualnych potrzeb Klienta. Ka\u017cdorazowo przed rozpocz\u0119ciem terapii dokonuj\u0119 analizy funkcjonowania w ramach triady biologiczno-psychologiczno-spo\u0142ecznej, co u\u0142atwia zrozumienie \u015brodowiska w jakim funkcjonuje Klient. Przyk\u0142adowe zakresy mojej dzia\u0142alno\u015bci. Psychoterapia zaburze\u0144 l\u0119kowo-depresyjnych &#8211; depresja, my\u015blenie suicydalne, zespo\u0142y l\u0119ku napadowego i uog\u00f3lnionego. Terapia zaburze\u0144 osobowo\u015bci: paranoicznych, &hellip; Czytaj dalej Psychoterapia","og_url":"https:\/\/giemza.ch\/index.php\/psychoterapia\/","og_site_name":"Jakub Jan Giemza","article_modified_time":"2020-09-17T19:02:37+00:00","og_image":[{"url":"http:\/\/giemza.ch\/wp-content\/uploads\/2020\/08\/psychoterapia-1024x683.jpg"}],"twitter_card":"summary_large_image","twitter_misc":{"Szacowany czas czytania":"1 minuta"},"schema":{"@context":"https:\/\/schema.org","@graph":[{"@type":"Organization","@id":"https:\/\/giemza.ch\/#organization","name":"Jakub Jan Giemza","url":"https:\/\/giemza.ch\/","sameAs":[],"logo":{"@type":"ImageObject","inLanguage":"pl-PL","@id":"https:\/\/giemza.ch\/#\/schema\/logo\/image\/","url":"https:\/\/giemza.ch\/wp-content\/uploads\/2026\/01\/cropped-cropped-ChatGPT-Image-5-sty-2026-o-03_50_08-2.png","contentUrl":"https:\/\/giemza.ch\/wp-content\/uploads\/2026\/01\/cropped-cropped-ChatGPT-Image-5-sty-2026-o-03_50_08-2.png","width":250,"height":250,"caption":"Jakub Jan Giemza"},"image":{"@id":"https:\/\/giemza.ch\/#\/schema\/logo\/image\/"}},{"@type":"WebSite","@id":"https:\/\/giemza.ch\/#website","url":"https:\/\/giemza.ch\/","name":"Jakub Jan Giemza","description":"PSYCHOLOGIA - PSYCHIATRIA - RODZINA &amp; BUSINESS","publisher":{"@id":"https:\/\/giemza.ch\/#organization"},"potentialAction":[{"@type":"SearchAction","target":{"@type":"EntryPoint","urlTemplate":"https:\/\/giemza.ch\/?s={search_term_string}"},"query-input":"required name=search_term_string"}],"inLanguage":"pl-PL"},{"@type":"WebPage","@id":"https:\/\/giemza.ch\/index.php\/psychoterapia\/","url":"https:\/\/giemza.ch\/index.php\/psychoterapia\/","name":"Psychoterapia - Jakub Jan Giemza","isPartOf":{"@id":"https:\/\/giemza.ch\/#website"},"datePublished":"2020-08-12T10:20:44+00:00","dateModified":"2020-09-17T19:02:37+00:00","breadcrumb":{"@id":"https:\/\/giemza.ch\/index.php\/psychoterapia\/#breadcrumb"},"inLanguage":"pl-PL","potentialAction":[{"@type":"ReadAction","target":["https:\/\/giemza.ch\/index.php\/psychoterapia\/"]}]},{"@type":"BreadcrumbList","@id":"https:\/\/giemza.ch\/index.php\/psychoterapia\/#breadcrumb","itemListElement":[{"@type":"ListItem","position":1,"name":"Strona g\u0142\u00f3wna","item":"https:\/\/giemza.ch\/"},{"@type":"ListItem","position":2,"name":"Psychoterapia"}]}]}},"_links":{"self":[{"href":"https:\/\/giemza.ch\/index.php\/wp-json\/wp\/v2\/pages\/100"}],"collection":[{"href":"https:\/\/giemza.ch\/index.php\/wp-json\/wp\/v2\/pages"}],"about":[{"href":"https:\/\/giemza.ch\/index.php\/wp-json\/wp\/v2\/types\/page"}],"author":[{"embeddable":true,"href":"https:\/\/giemza.ch\/index.php\/wp-json\/wp\/v2\/users\/1"}],"replies":[{"embeddable":true,"href":"https:\/\/giemza.ch\/index.php\/wp-json\/wp\/v2\/comments?post=100"}],"version-history":[{"count":4,"href":"https:\/\/giemza.ch\/index.php\/wp-json\/wp\/v2\/pages\/100\/revisions"}],"predecessor-version":[{"id":314,"href":"https:\/\/giemza.ch\/index.php\/wp-json\/wp\/v2\/pages\/100\/revisions\/314"}],"wp:attachment":[{"href":"https:\/\/giemza.ch\/index.php\/wp-json\/wp\/v2\/media?parent=100"}],"curies":[{"name":"wp","href":"https:\/\/api.w.org\/{rel}","templated":true}]}}